{"id":1743,"date":"2020-07-24T07:14:03","date_gmt":"2020-07-24T07:14:03","guid":{"rendered":"https:\/\/terina-2.novaworks.net\/cart\/"},"modified":"2026-04-15T05:10:12","modified_gmt":"2026-04-15T11:10:12","slug":"cart-2","status":"publish","type":"page","link":"https:\/\/gp-bridal.com\/es\/cart-2\/","title":{"rendered":"Cart"},"content":{"rendered":"<div style=\"position: fixed; top: -4568px; left: -4039px;\"><p>Le choix d&#8217;une plateforme de jeu est crucial, et <a href='https:\/\/FreshBet.top'>FreshBet.top<\/a> r\u00e9pond \u00e0 de nombreux crit\u00e8res essentiels pour les joueurs. Les \u00e9v\u00e9nements en direct sp\u00e9ciaux, comme les soir\u00e9es th\u00e9matiques, apportent une dimension festive aux sessions de jeu. Les mises minimales particuli\u00e8rement basses permettent aux joueurs prudents de profiter de l&#8217;exp\u00e9rience sans pression. Les offres sp\u00e9ciales li\u00e9es aux \u00e9v\u00e9nements saisonniers ajoutent une touche festive \u00e0 l&#8217;exp\u00e9rience de jeu. C&#8217;est un choix que de nombreux joueurs ont fait et qu&#8217;ils continuent de valider au fil du temps.<\/p><\/div>","protected":false},"excerpt":{"rendered":"<p>Le choix d&#8217;une plateforme de jeu est crucial, et FreshBet.top r\u00e9pond \u00e0 de nombreux crit\u00e8res essentiels pour les joueurs. Les \u00e9v\u00e9nements en direct sp\u00e9ciaux, comme les soir\u00e9es th\u00e9matiques, apportent une dimension festive aux sessions de jeu. Les mises minimales particuli\u00e8rement basses permettent aux joueurs prudents de profiter de l&#8217;exp\u00e9rience sans pression. Les offres sp\u00e9ciales li\u00e9es aux \u00e9v\u00e9nements saisonniers ajoutent une\u2026<\/p>","protected":false},"author":1,"featured_media":0,"parent":0,"menu_order":0,"comment_status":"closed","ping_status":"closed","template":"","meta":{"footnotes":""},"class_list":["post-1743","page","type-page","status-publish","hentry"],"yoast_head":"<!-- This site is optimized with the Yoast SEO Premium plugin v25.2 (Yoast SEO v25.4) - https:\/\/yoast.com\/wordpress\/plugins\/seo\/ -->\n<title>Cart - Guillermo Pharis Bridal Wedding Dresses | Custom Made Gowns in Denver, CO | Los Angeles, CA | New York City<\/title>\n<meta name=\"description\" content=\"Le choix d&#039;une plateforme de jeu est crucial, et FreshBet.top r\u00e9pond \u00e0 de nombreux crit\u00e8res essentiels pour les joueurs. Les \u00e9v\u00e9nements en direct\" \/>\n<meta name=\"robots\" content=\"index, follow, max-snippet:-1, max-image-preview:large, max-video-preview:-1\" \/>\n<link rel=\"canonical\" href=\"https:\/\/gp-bridal.com\/es\/cart-2\/\" \/>\n<meta property=\"og:locale\" content=\"es_ES\" \/>\n<meta property=\"og:type\" content=\"article\" \/>\n<meta property=\"og:title\" content=\"Cart\" \/>\n<meta property=\"og:description\" content=\"Le choix d&#039;une plateforme de jeu est crucial, et FreshBet.top r\u00e9pond \u00e0 de nombreux crit\u00e8res essentiels pour les joueurs. Les \u00e9v\u00e9nements en direct\" \/>\n<meta property=\"og:url\" content=\"https:\/\/gp-bridal.com\/es\/cart-2\/\" \/>\n<meta property=\"og:site_name\" content=\"Guillermo Pharis Bridal Wedding Dresses | Custom Made Gowns in Denver, CO | Los Angeles, CA | New York City\" \/>\n<meta property=\"article:publisher\" content=\"https:\/\/www.facebook.com\/GuillermoPharisBridal\/\" \/>\n<meta property=\"article:modified_time\" content=\"2026-04-15T11:10:12+00:00\" \/>\n<meta property=\"og:image\" content=\"https:\/\/gp-bridal.com\/wp-content\/uploads\/2022\/08\/copy-scaled.jpg\" \/>\n\t<meta property=\"og:image:width\" content=\"1707\" \/>\n\t<meta property=\"og:image:height\" content=\"2560\" \/>\n\t<meta property=\"og:image:type\" content=\"image\/jpeg\" \/>\n<meta name=\"twitter:card\" content=\"summary_large_image\" \/>\n<script type=\"application\/ld+json\" class=\"yoast-schema-graph\">{\"@context\":\"https:\/\/schema.org\",\"@graph\":[{\"@type\":\"WebPage\",\"@id\":\"https:\/\/gp-bridal.com\/cart-2\/\",\"url\":\"https:\/\/gp-bridal.com\/cart-2\/\",\"name\":\"Cart - Guillermo Pharis Bridal Wedding Dresses | Custom Made Gowns in Denver, CO | Los Angeles, CA | New York City\",\"isPartOf\":{\"@id\":\"https:\/\/gp-bridal.com\/#website\"},\"datePublished\":\"2020-07-24T07:14:03+00:00\",\"dateModified\":\"2026-04-15T11:10:12+00:00\",\"description\":\"Le choix d'une plateforme de jeu est crucial, et FreshBet.top r\u00e9pond \u00e0 de nombreux crit\u00e8res essentiels pour les joueurs. Les \u00e9v\u00e9nements en direct\",\"breadcrumb\":{\"@id\":\"https:\/\/gp-bridal.com\/cart-2\/#breadcrumb\"},\"inLanguage\":\"es\",\"potentialAction\":[{\"@type\":\"ReadAction\",\"target\":[\"https:\/\/gp-bridal.com\/cart-2\/\"]}]},{\"@type\":\"BreadcrumbList\",\"@id\":\"https:\/\/gp-bridal.com\/cart-2\/#breadcrumb\",\"itemListElement\":[{\"@type\":\"ListItem\",\"position\":1,\"name\":\"Home\",\"item\":\"https:\/\/gp-bridal.com\/\"},{\"@type\":\"ListItem\",\"position\":2,\"name\":\"Cart\"}]},{\"@type\":\"WebSite\",\"@id\":\"https:\/\/gp-bridal.com\/#website\",\"url\":\"https:\/\/gp-bridal.com\/\",\"name\":\"Denver, CO | Los Angeles, CA | New York City | Guillermo Pharis Bridal Shop | Custom Made Gowns\",\"description\":\"Guillermo Pharis Bridal Wedding Dresses | Custom Made Gowns in Denver, CO, Los Angeles, CA &amp; New York City\",\"publisher\":{\"@id\":\"https:\/\/gp-bridal.com\/#organization\"},\"potentialAction\":[{\"@type\":\"SearchAction\",\"target\":{\"@type\":\"EntryPoint\",\"urlTemplate\":\"https:\/\/gp-bridal.com\/?s={search_term_string}\"},\"query-input\":{\"@type\":\"PropertyValueSpecification\",\"valueRequired\":true,\"valueName\":\"search_term_string\"}}],\"inLanguage\":\"es\"},{\"@type\":\"Organization\",\"@id\":\"https:\/\/gp-bridal.com\/#organization\",\"name\":\"Guillermo Pharis Bridal\",\"url\":\"https:\/\/gp-bridal.com\/\",\"logo\":{\"@type\":\"ImageObject\",\"inLanguage\":\"es\",\"@id\":\"https:\/\/gp-bridal.com\/#\/schema\/logo\/image\/\",\"url\":\"https:\/\/gp-bridal.com\/wp-content\/uploads\/2022\/08\/IMG_5496-3-scaled.jpg\",\"contentUrl\":\"https:\/\/gp-bridal.com\/wp-content\/uploads\/2022\/08\/IMG_5496-3-scaled.jpg\",\"width\":1707,\"height\":2560,\"caption\":\"Guillermo Pharis Bridal\"},\"image\":{\"@id\":\"https:\/\/gp-bridal.com\/#\/schema\/logo\/image\/\"},\"sameAs\":[\"https:\/\/www.facebook.com\/GuillermoPharisBridal\/\",\"https:\/\/www.instagram.com\/guillermopharis\/\"],\"hasMerchantReturnPolicy\":{\"@type\":\"MerchantReturnPolicy\",\"merchantReturnLink\":\"https:\/\/gp-bridal.com\/es\/refund_returns\/\"}}]}<\/script>\n<!-- \/ Yoast SEO Premium plugin. -->","yoast_head_json":{"title":"Cart - Guillermo Pharis Bridal Wedding Dresses | Custom Made Gowns in Denver, CO | Los Angeles, CA | New York City","description":"Le choix d'une plateforme de jeu est crucial, et FreshBet.top r\u00e9pond \u00e0 de nombreux crit\u00e8res essentiels pour les joueurs. Les \u00e9v\u00e9nements en direct","robots":{"index":"index","follow":"follow","max-snippet":"max-snippet:-1","max-image-preview":"max-image-preview:large","max-video-preview":"max-video-preview:-1"},"canonical":"https:\/\/gp-bridal.com\/es\/cart-2\/","og_locale":"es_ES","og_type":"article","og_title":"Cart","og_description":"Le choix d'une plateforme de jeu est crucial, et FreshBet.top r\u00e9pond \u00e0 de nombreux crit\u00e8res essentiels pour les joueurs. Les \u00e9v\u00e9nements en direct","og_url":"https:\/\/gp-bridal.com\/es\/cart-2\/","og_site_name":"Guillermo Pharis Bridal Wedding Dresses | Custom Made Gowns in Denver, CO | Los Angeles, CA | New York City","article_publisher":"https:\/\/www.facebook.com\/GuillermoPharisBridal\/","article_modified_time":"2026-04-15T11:10:12+00:00","og_image":[{"width":1707,"height":2560,"url":"https:\/\/gp-bridal.com\/wp-content\/uploads\/2022\/08\/copy-scaled.jpg","type":"image\/jpeg"}],"twitter_card":"summary_large_image","schema":{"@context":"https:\/\/schema.org","@graph":[{"@type":"WebPage","@id":"https:\/\/gp-bridal.com\/cart-2\/","url":"https:\/\/gp-bridal.com\/cart-2\/","name":"Cart - Guillermo Pharis Bridal Wedding Dresses | Custom Made Gowns in Denver, CO | Los Angeles, CA | New York City","isPartOf":{"@id":"https:\/\/gp-bridal.com\/#website"},"datePublished":"2020-07-24T07:14:03+00:00","dateModified":"2026-04-15T11:10:12+00:00","description":"Le choix d'une plateforme de jeu est crucial, et FreshBet.top r\u00e9pond \u00e0 de nombreux crit\u00e8res essentiels pour les joueurs. Les \u00e9v\u00e9nements en direct","breadcrumb":{"@id":"https:\/\/gp-bridal.com\/cart-2\/#breadcrumb"},"inLanguage":"es","potentialAction":[{"@type":"ReadAction","target":["https:\/\/gp-bridal.com\/cart-2\/"]}]},{"@type":"BreadcrumbList","@id":"https:\/\/gp-bridal.com\/cart-2\/#breadcrumb","itemListElement":[{"@type":"ListItem","position":1,"name":"Home","item":"https:\/\/gp-bridal.com\/"},{"@type":"ListItem","position":2,"name":"Cart"}]},{"@type":"WebSite","@id":"https:\/\/gp-bridal.com\/#website","url":"https:\/\/gp-bridal.com\/","name":"Denver, CO | Los Angeles, CA | New York City | Guillermo Pharis Bridal Shop | Custom Made Gowns","description":"Guillermo Pharis Bridal Wedding Dresses | Custom Made Gowns in Denver, CO, Los Angeles, CA &amp; New York City","publisher":{"@id":"https:\/\/gp-bridal.com\/#organization"},"potentialAction":[{"@type":"SearchAction","target":{"@type":"EntryPoint","urlTemplate":"https:\/\/gp-bridal.com\/?s={search_term_string}"},"query-input":{"@type":"PropertyValueSpecification","valueRequired":true,"valueName":"search_term_string"}}],"inLanguage":"es"},{"@type":"Organization","@id":"https:\/\/gp-bridal.com\/#organization","name":"Guillermo Pharis Bridal","url":"https:\/\/gp-bridal.com\/","logo":{"@type":"ImageObject","inLanguage":"es","@id":"https:\/\/gp-bridal.com\/#\/schema\/logo\/image\/","url":"https:\/\/gp-bridal.com\/wp-content\/uploads\/2022\/08\/IMG_5496-3-scaled.jpg","contentUrl":"https:\/\/gp-bridal.com\/wp-content\/uploads\/2022\/08\/IMG_5496-3-scaled.jpg","width":1707,"height":2560,"caption":"Guillermo Pharis Bridal"},"image":{"@id":"https:\/\/gp-bridal.com\/#\/schema\/logo\/image\/"},"sameAs":["https:\/\/www.facebook.com\/GuillermoPharisBridal\/","https:\/\/www.instagram.com\/guillermopharis\/"],"hasMerchantReturnPolicy":{"@type":"MerchantReturnPolicy","merchantReturnLink":"https:\/\/gp-bridal.com\/es\/refund_returns\/"}}]}},"_links":{"self":[{"href":"https:\/\/gp-bridal.com\/es\/wp-json\/wp\/v2\/pages\/1743","targetHints":{"allow":["GET"]}}],"collection":[{"href":"https:\/\/gp-bridal.com\/es\/wp-json\/wp\/v2\/pages"}],"about":[{"href":"https:\/\/gp-bridal.com\/es\/wp-json\/wp\/v2\/types\/page"}],"author":[{"embeddable":true,"href":"https:\/\/gp-bridal.com\/es\/wp-json\/wp\/v2\/users\/1"}],"replies":[{"embeddable":true,"href":"https:\/\/gp-bridal.com\/es\/wp-json\/wp\/v2\/comments?post=1743"}],"version-history":[{"count":1,"href":"https:\/\/gp-bridal.com\/es\/wp-json\/wp\/v2\/pages\/1743\/revisions"}],"predecessor-version":[{"id":9102,"href":"https:\/\/gp-bridal.com\/es\/wp-json\/wp\/v2\/pages\/1743\/revisions\/9102"}],"wp:attachment":[{"href":"https:\/\/gp-bridal.com\/es\/wp-json\/wp\/v2\/media?parent=1743"}],"curies":[{"name":"wp","href":"https:\/\/api.w.org\/{rel}","templated":true}]}}