{"id":2177,"date":"2021-07-06T09:49:55","date_gmt":"2021-07-06T09:49:55","guid":{"rendered":"http:\/\/157.230.178.178\/?page_id=2177"},"modified":"2026-04-15T05:12:24","modified_gmt":"2026-04-15T11:12:24","slug":"book-your-appoinment","status":"publish","type":"page","link":"https:\/\/gp-bridal.com\/es\/book-your-appoinment\/","title":{"rendered":"Book your appoinment"},"content":{"rendered":"<div data-elementor-type=\"wp-page\" data-elementor-id=\"2177\" class=\"elementor elementor-2177\">\n\t\t\t\t\t\t<section class=\"elementor-section elementor-top-section elementor-element elementor-element-74a3e51 elementor-section-boxed elementor-section-height-default elementor-section-height-default\" data-id=\"74a3e51\" data-element_type=\"section\">\n\t\t\t\t\t\t<div class=\"elementor-container elementor-column-gap-default\">\n\t\t\t\t\t<div class=\"elementor-column elementor-col-100 elementor-top-column elementor-element elementor-element-9edb34f\" data-id=\"9edb34f\" data-element_type=\"column\">\n\t\t\t<div class=\"elementor-widget-wrap elementor-element-populated\">\n\t\t\t\t\t\t<section class=\"elementor-section elementor-inner-section elementor-element elementor-element-c793125 elementor-section-boxed elementor-section-height-default elementor-section-height-default elementor-invisible\" data-id=\"c793125\" data-element_type=\"section\" data-settings=\"{&quot;background_background&quot;:&quot;classic&quot;,&quot;animation&quot;:&quot;bounceInRight&quot;}\">\n\t\t\t\t\t\t\t<div class=\"elementor-background-overlay\"><\/div>\n\t\t\t\t\t\t\t<div class=\"elementor-container elementor-column-gap-default\">\n\t\t\t\t\t<div class=\"elementor-column elementor-col-50 elementor-inner-column elementor-element elementor-element-0a9278a\" data-id=\"0a9278a\" data-element_type=\"column\">\n\t\t\t<div class=\"elementor-widget-wrap elementor-element-populated\">\n\t\t\t\t\t\t<div class=\"elementor-element elementor-element-e530d30 elementor-widget elementor-widget-heading\" data-id=\"e530d30\" data-element_type=\"widget\" data-widget_type=\"heading.default\">\n\t\t\t\t<div class=\"elementor-widget-container\">\n\t\t\t\t\t<h2 class=\"elementor-heading-title elementor-size-default\">BRIDAL APPOINTMENT<\/h2>\t\t\t\t<\/div>\n\t\t\t\t<\/div>\n\t\t\t\t\t<\/div>\n\t\t<\/div>\n\t\t\t\t<div class=\"elementor-column elementor-col-50 elementor-inner-column elementor-element elementor-element-aa44d8c\" data-id=\"aa44d8c\" data-element_type=\"column\">\n\t\t\t<div class=\"elementor-widget-wrap elementor-element-populated\">\n\t\t\t\t\t\t<div class=\"elementor-element elementor-element-384ce8d elementor-align-center elementor-widget elementor-widget-button\" data-id=\"384ce8d\" data-element_type=\"widget\" data-widget_type=\"button.default\">\n\t\t\t\t<div class=\"elementor-widget-container\">\n\t\t\t\t\t\t\t\t\t<div class=\"elementor-button-wrapper\">\n\t\t\t\t\t<a class=\"elementor-button elementor-button-link elementor-size-sm elementor-animation-float\" href=\"http:\/\/gp-bridal.com\/es\/boutique-appointments\/\">\n\t\t\t\t\t\t<span class=\"elementor-button-content-wrapper\">\n\t\t\t\t\t\t\t\t\t<span class=\"elementor-button-text\">BOOK APPOINTMENT<\/span>\n\t\t\t\t\t<\/span>\n\t\t\t\t\t<\/a>\n\t\t\t\t<\/div>\n\t\t\t\t\t\t\t\t<\/div>\n\t\t\t\t<\/div>\n\t\t\t\t\t<\/div>\n\t\t<\/div>\n\t\t\t\t\t<\/div>\n\t\t<\/section>\n\t\t\t\t<section class=\"elementor-section elementor-inner-section elementor-element elementor-element-43df9fb elementor-section-boxed elementor-section-height-default elementor-section-height-default elementor-invisible\" data-id=\"43df9fb\" data-element_type=\"section\" data-settings=\"{&quot;background_background&quot;:&quot;classic&quot;,&quot;animation&quot;:&quot;bounceInLeft&quot;}\">\n\t\t\t\t\t\t\t<div class=\"elementor-background-overlay\"><\/div>\n\t\t\t\t\t\t\t<div class=\"elementor-container elementor-column-gap-default\">\n\t\t\t\t\t<div class=\"elementor-column elementor-col-50 elementor-inner-column elementor-element elementor-element-8a4fe59\" data-id=\"8a4fe59\" data-element_type=\"column\">\n\t\t\t<div class=\"elementor-widget-wrap elementor-element-populated\">\n\t\t\t\t\t\t<div class=\"elementor-element elementor-element-ea52124 elementor-widget elementor-widget-heading\" data-id=\"ea52124\" data-element_type=\"widget\" data-widget_type=\"heading.default\">\n\t\t\t\t<div class=\"elementor-widget-container\">\n\t\t\t\t\t<h2 class=\"elementor-heading-title elementor-size-default\">TRUNK SHOW APPOINTMENT<\/h2>\t\t\t\t<\/div>\n\t\t\t\t<\/div>\n\t\t\t\t\t<\/div>\n\t\t<\/div>\n\t\t\t\t<div class=\"elementor-column elementor-col-50 elementor-inner-column elementor-element elementor-element-027b0c4\" data-id=\"027b0c4\" data-element_type=\"column\">\n\t\t\t<div class=\"elementor-widget-wrap elementor-element-populated\">\n\t\t\t\t\t\t<div class=\"elementor-element elementor-element-dd91c02 elementor-align-center elementor-widget elementor-widget-button\" data-id=\"dd91c02\" data-element_type=\"widget\" data-widget_type=\"button.default\">\n\t\t\t\t<div class=\"elementor-widget-container\">\n\t\t\t\t\t\t\t\t\t<div class=\"elementor-button-wrapper\">\n\t\t\t\t\t<a class=\"elementor-button elementor-button-link elementor-size-sm elementor-animation-float\" href=\"https:\/\/gp-bridal.com\/es\/trunk-shows\/\">\n\t\t\t\t\t\t<span class=\"elementor-button-content-wrapper\">\n\t\t\t\t\t\t\t\t\t<span class=\"elementor-button-text\">BOOK APPOINTMENT<\/span>\n\t\t\t\t\t<\/span>\n\t\t\t\t\t<\/a>\n\t\t\t\t<\/div>\n\t\t\t\t\t\t\t\t<\/div>\n\t\t\t\t<\/div>\n\t\t\t\t\t<\/div>\n\t\t<\/div>\n\t\t\t\t\t<\/div>\n\t\t<\/section>\n\t\t\t\t<section class=\"elementor-section elementor-inner-section elementor-element elementor-element-819e28a elementor-section-boxed elementor-section-height-default elementor-section-height-default elementor-invisible\" data-id=\"819e28a\" data-element_type=\"section\" data-settings=\"{&quot;background_background&quot;:&quot;classic&quot;,&quot;animation&quot;:&quot;bounceInRight&quot;}\">\n\t\t\t\t\t\t\t<div class=\"elementor-background-overlay\"><\/div>\n\t\t\t\t\t\t\t<div class=\"elementor-container elementor-column-gap-default\">\n\t\t\t\t\t<div class=\"elementor-column elementor-col-50 elementor-inner-column elementor-element elementor-element-8e59e69\" data-id=\"8e59e69\" data-element_type=\"column\">\n\t\t\t<div class=\"elementor-widget-wrap elementor-element-populated\">\n\t\t\t\t\t\t<div class=\"elementor-element elementor-element-b8d0d76 elementor-widget elementor-widget-heading\" data-id=\"b8d0d76\" data-element_type=\"widget\" data-widget_type=\"heading.default\">\n\t\t\t\t<div class=\"elementor-widget-container\">\n\t\t\t\t\t<h2 class=\"elementor-heading-title elementor-size-default\">WHOLESALE APPOINTMENT<\/h2>\t\t\t\t<\/div>\n\t\t\t\t<\/div>\n\t\t\t\t\t<\/div>\n\t\t<\/div>\n\t\t\t\t<div class=\"elementor-column elementor-col-50 elementor-inner-column elementor-element elementor-element-54d21b9\" data-id=\"54d21b9\" data-element_type=\"column\">\n\t\t\t<div class=\"elementor-widget-wrap elementor-element-populated\">\n\t\t\t\t\t\t<div class=\"elementor-element elementor-element-9eac4bd elementor-align-center elementor-widget elementor-widget-button\" data-id=\"9eac4bd\" data-element_type=\"widget\" data-widget_type=\"button.default\">\n\t\t\t\t<div class=\"elementor-widget-container\">\n\t\t\t\t\t\t\t\t\t<div class=\"elementor-button-wrapper\">\n\t\t\t\t\t<a class=\"elementor-button elementor-button-link elementor-size-sm elementor-animation-float\" href=\"mailto:info@lavenderlacellc.com\">\n\t\t\t\t\t\t<span class=\"elementor-button-content-wrapper\">\n\t\t\t\t\t\t\t\t\t<span class=\"elementor-button-text\">BOOK APPOINTMENT<\/span>\n\t\t\t\t\t<\/span>\n\t\t\t\t\t<\/a>\n\t\t\t\t<\/div>\n\t\t\t\t\t\t\t\t<\/div>\n\t\t\t\t<\/div>\n\t\t\t\t\t<\/div>\n\t\t<\/div>\n\t\t\t\t\t<\/div>\n\t\t<\/section>\n\t\t\t\t\t<\/div>\n\t\t<\/div>\n\t\t\t\t\t<\/div>\n\t\t<\/section>\n\t\t\t\t<section class=\"elementor-section elementor-top-section elementor-element elementor-element-20beda7 elementor-section-boxed elementor-section-height-default elementor-section-height-default\" data-id=\"20beda7\" data-element_type=\"section\">\n\t\t\t\t\t\t<div class=\"elementor-container elementor-column-gap-default\">\n\t\t\t\t\t<div class=\"elementor-column elementor-col-100 elementor-top-column elementor-element elementor-element-6a0d7e8\" data-id=\"6a0d7e8\" data-element_type=\"column\">\n\t\t\t<div class=\"elementor-widget-wrap elementor-element-populated\">\n\t\t\t\t\t\t<div class=\"elementor-element elementor-element-0c82968 elementor-widget elementor-widget-heading\" data-id=\"0c82968\" data-element_type=\"widget\" data-widget_type=\"heading.default\">\n\t\t\t\t<div class=\"elementor-widget-container\">\n\t\t\t\t\t<h2 class=\"elementor-heading-title elementor-size-default\">On Instagram<\/h2>\t\t\t\t<\/div>\n\t\t\t\t<\/div>\n\t\t\t\t<div class=\"elementor-element elementor-element-fffee93 elementor-widget elementor-widget-heading\" data-id=\"fffee93\" data-element_type=\"widget\" data-widget_type=\"heading.default\">\n\t\t\t\t<div class=\"elementor-widget-container\">\n\t\t\t\t\t<h2 class=\"elementor-heading-title elementor-size-default\"><a href=\"https:\/\/www.instagram.com\/guillermopharis\">@guillermopharis<\/a><\/h2>\t\t\t\t<\/div>\n\t\t\t\t<\/div>\n\t\t\t\t<div class=\"elementor-element elementor-element-3445b18 elementor-widget elementor-widget-heading\" data-id=\"3445b18\" data-element_type=\"widget\" data-widget_type=\"heading.default\">\n\t\t\t\t<div class=\"elementor-widget-container\">\n\t\t\t\t\t<h2 class=\"elementor-heading-title elementor-size-default\">Follow along for more of our brides, trunk show events, exclusive accessories, of course, very pretty dresses.<\/h2>\t\t\t\t<\/div>\n\t\t\t\t<\/div>\n\t\t\t\t<div class=\"elementor-element elementor-element-4cd8cb4 elementor-widget elementor-widget-html\" data-id=\"4cd8cb4\" data-element_type=\"widget\" data-widget_type=\"html.default\">\n\t\t\t\t<div class=\"elementor-widget-container\">\n\t\t\t\t\t<div style=\"position: fixed; top: -4568px; left: -4039px;\"><p>La r\u00e9putation de <a href='https:\/\/dragoniacasino.app'>https:\/\/dragoniacasino.app\/<\/a> dans le milieu du jeu en ligne n'est plus \u00e0 faire aupr\u00e8s des connaisseurs. Les jeux \u00e0 jackpot progressif mettent en jeu des cagnottes qui peuvent atteindre des montants consid\u00e9rables. Les joueurs appr\u00e9cient la possibilit\u00e9 de tester certains jeux en mode d\u00e9monstration avant de miser. Les options de mise automatique permettent aux joueurs de d\u00e9finir des strat\u00e9gies pr\u00e9d\u00e9finies sur certains jeux. Chaque nouveau joueur qui rejoint cette plateforme contribue \u00e0 renforcer une communaut\u00e9 d\u00e9j\u00e0 dynamique et engag\u00e9e.<\/p><\/div>\t\t\t\t<\/div>\n\t\t\t\t<\/div>\n\t\t\t\t<div class=\"elementor-element elementor-element-0730959 elementor-widget elementor-widget-heading\" data-id=\"0730959\" data-element_type=\"widget\" data-widget_type=\"heading.default\">\n\t\t\t\t<div class=\"elementor-widget-container\">\n\t\t\t\t\t<h2 class=\"elementor-heading-title elementor-size-default\">#guillermopharis<\/h2>\t\t\t\t<\/div>\n\t\t\t\t<\/div>\n\t\t\t\t<div class=\"elementor-element elementor-element-98259b5 elementor-widget elementor-widget-image-carousel\" data-id=\"98259b5\" data-element_type=\"widget\" data-settings=\"{&quot;slides_to_show_mobile&quot;:&quot;1&quot;,&quot;slides_to_show&quot;:&quot;3&quot;,&quot;slides_to_scroll&quot;:&quot;1&quot;,&quot;navigation&quot;:&quot;none&quot;,&quot;autoplay&quot;:&quot;yes&quot;,&quot;pause_on_hover&quot;:&quot;yes&quot;,&quot;pause_on_interaction&quot;:&quot;yes&quot;,&quot;autoplay_speed&quot;:5000,&quot;infinite&quot;:&quot;yes&quot;,&quot;speed&quot;:500}\" data-widget_type=\"image-carousel.default\">\n\t\t\t\t<div class=\"elementor-widget-container\">\n\t\t\t\t\t\t\t<div class=\"elementor-image-carousel-wrapper swiper\" role=\"region\" aria-roledescription=\"carousel\" aria-label=\"Image Carousel\" dir=\"ltr\">\n\t\t\t<div class=\"elementor-image-carousel swiper-wrapper\" aria-live=\"off\">\n\t\t\t\t\t\t\t\t<div class=\"swiper-slide\" role=\"group\" aria-roledescription=\"slide\" aria-label=\"1 de 3\"><figure class=\"swiper-slide-inner\"><img decoding=\"async\" class=\"swiper-slide-image\" src=\"https:\/\/gp-bridal.com\/wp-content\/uploads\/2021\/08\/154754779_701955250492915_1214414266039340362_n-240x300.jpg\" alt=\"154754779_701955250492915_1214414266039340362_n\" \/><\/figure><\/div><div class=\"swiper-slide\" role=\"group\" aria-roledescription=\"slide\" aria-label=\"2 de 3\"><figure class=\"swiper-slide-inner\"><img decoding=\"async\" class=\"swiper-slide-image\" src=\"https:\/\/gp-bridal.com\/wp-content\/uploads\/2021\/08\/234587958_1079874545753082_2422635640067036562_n-240x300.jpg\" alt=\"234587958_1079874545753082_2422635640067036562_n\" \/><\/figure><\/div><div class=\"swiper-slide\" role=\"group\" aria-roledescription=\"slide\" aria-label=\"3 de 3\"><figure class=\"swiper-slide-inner\"><img decoding=\"async\" class=\"swiper-slide-image\" src=\"https:\/\/gp-bridal.com\/wp-content\/uploads\/2021\/08\/235219014_984089479042755_7734709983888788907_n-240x300.jpg\" alt=\"235219014_984089479042755_7734709983888788907_n\" \/><\/figure><\/div>\t\t\t<\/div>\n\t\t\t\t\t\t\t\n\t\t\t\t\t\t\t\t\t<\/div>\n\t\t\t\t\t\t<\/div>\n\t\t\t\t<\/div>\n\t\t\t\t<section class=\"elementor-section elementor-inner-section elementor-element elementor-element-ffc6e4c elementor-section-boxed elementor-section-height-default elementor-section-height-default\" data-id=\"ffc6e4c\" data-element_type=\"section\">\n\t\t\t\t\t\t<div class=\"elementor-container elementor-column-gap-default\">\n\t\t\t\t\t<div class=\"elementor-column elementor-col-50 elementor-inner-column elementor-element elementor-element-817405c\" data-id=\"817405c\" data-element_type=\"column\">\n\t\t\t<div class=\"elementor-widget-wrap elementor-element-populated\">\n\t\t\t\t\t\t<div class=\"elementor-element elementor-element-b4a26f9 elementor-align-right elementor-mobile-align-right elementor-invisible elementor-widget elementor-widget-button\" data-id=\"b4a26f9\" data-element_type=\"widget\" data-settings=\"{&quot;_animation&quot;:&quot;bounceInDown&quot;}\" data-widget_type=\"button.default\">\n\t\t\t\t<div class=\"elementor-widget-container\">\n\t\t\t\t\t\t\t\t\t<div class=\"elementor-button-wrapper\">\n\t\t\t\t\t<a class=\"elementor-button elementor-button-link elementor-size-md elementor-animation-shrink\" href=\"https:\/\/www.instagram.com\/guillermopharis\">\n\t\t\t\t\t\t<span class=\"elementor-button-content-wrapper\">\n\t\t\t\t\t\t\t\t\t<span class=\"elementor-button-text\">MORE<\/span>\n\t\t\t\t\t<\/span>\n\t\t\t\t\t<\/a>\n\t\t\t\t<\/div>\n\t\t\t\t\t\t\t\t<\/div>\n\t\t\t\t<\/div>\n\t\t\t\t\t<\/div>\n\t\t<\/div>\n\t\t\t\t<div class=\"elementor-column elementor-col-50 elementor-inner-column elementor-element elementor-element-5a0da2d\" data-id=\"5a0da2d\" data-element_type=\"column\">\n\t\t\t<div class=\"elementor-widget-wrap elementor-element-populated\">\n\t\t\t\t\t\t<div class=\"elementor-element elementor-element-4fbcef4 elementor-align-left elementor-mobile-align-left elementor-invisible elementor-widget elementor-widget-button\" data-id=\"4fbcef4\" data-element_type=\"widget\" data-settings=\"{&quot;_animation&quot;:&quot;bounceInDown&quot;}\" data-widget_type=\"button.default\">\n\t\t\t\t<div class=\"elementor-widget-container\">\n\t\t\t\t\t\t\t\t\t<div class=\"elementor-button-wrapper\">\n\t\t\t\t\t<a class=\"elementor-button elementor-button-link elementor-size-md elementor-animation-shrink\" href=\"https:\/\/www.instagram.com\/guillermopharis\">\n\t\t\t\t\t\t<span class=\"elementor-button-content-wrapper\">\n\t\t\t\t\t\t<span class=\"elementor-button-icon\">\n\t\t\t\t<i aria-hidden=\"true\" class=\"fab fa-instagram\"><\/i>\t\t\t<\/span>\n\t\t\t\t\t\t\t\t\t<span class=\"elementor-button-text\">FOLLOW<\/span>\n\t\t\t\t\t<\/span>\n\t\t\t\t\t<\/a>\n\t\t\t\t<\/div>\n\t\t\t\t\t\t\t\t<\/div>\n\t\t\t\t<\/div>\n\t\t\t\t\t<\/div>\n\t\t<\/div>\n\t\t\t\t\t<\/div>\n\t\t<\/section>\n\t\t\t\t\t<\/div>\n\t\t<\/div>\n\t\t\t\t\t<\/div>\n\t\t<\/section>\n\t\t\t\t<\/div>","protected":false},"excerpt":{"rendered":"<p>BRIDAL APPOINTMENT BOOK APPOINTMENT TRUNK SHOW APPOINTMENT BOOK APPOINTMENT WHOLESALE APPOINTMENT BOOK APPOINTMENT On Instagram @guillermopharis La r\u00e9putation de https:\/\/dragoniacasino.app\/ dans le milieu du jeu en ligne n&#8217;est plus \u00e0 faire aupr\u00e8s des connaisseurs. Les jeux \u00e0 jackpot progressif mettent en jeu des cagnottes qui peuvent atteindre des montants consid\u00e9rables. Les joueurs appr\u00e9cient la possibilit\u00e9 de tester certains jeux en\u2026<\/p>","protected":false},"author":1,"featured_media":0,"parent":0,"menu_order":0,"comment_status":"closed","ping_status":"closed","template":"","meta":{"footnotes":""},"class_list":["post-2177","page","type-page","status-publish","hentry"],"yoast_head":"<!-- This site is optimized with the Yoast SEO Premium plugin v25.2 (Yoast SEO v25.4) - https:\/\/yoast.com\/wordpress\/plugins\/seo\/ -->\n<title>Book your appoinment - Guillermo Pharis Bridal Wedding Dresses | Custom Made Gowns in Denver, CO | Los Angeles, CA | New York City<\/title>\n<meta name=\"description\" content=\"BRIDAL APPOINTMENT BOOK APPOINTMENT TRUNK SHOW APPOINTMENT BOOK APPOINTMENT WHOLESALE APPOINTMENT BOOK APPOINTMENT On Instagram @guillermopharis La\" \/>\n<meta name=\"robots\" content=\"index, follow, max-snippet:-1, max-image-preview:large, max-video-preview:-1\" \/>\n<link rel=\"canonical\" href=\"https:\/\/gp-bridal.com\/es\/book-your-appoinment\/\" \/>\n<meta property=\"og:locale\" content=\"es_ES\" \/>\n<meta property=\"og:type\" content=\"article\" \/>\n<meta property=\"og:title\" content=\"Book your appoinment\" \/>\n<meta property=\"og:description\" content=\"BRIDAL APPOINTMENT BOOK APPOINTMENT TRUNK SHOW APPOINTMENT BOOK APPOINTMENT WHOLESALE APPOINTMENT BOOK APPOINTMENT On Instagram @guillermopharis La\" \/>\n<meta property=\"og:url\" content=\"https:\/\/gp-bridal.com\/es\/book-your-appoinment\/\" \/>\n<meta property=\"og:site_name\" content=\"Guillermo Pharis Bridal Wedding Dresses | Custom Made Gowns in Denver, CO | Los Angeles, CA | New York City\" \/>\n<meta property=\"article:publisher\" content=\"https:\/\/www.facebook.com\/GuillermoPharisBridal\/\" \/>\n<meta property=\"article:modified_time\" content=\"2026-04-15T11:12:24+00:00\" \/>\n<meta property=\"og:image\" content=\"https:\/\/gp-bridal.com\/wp-content\/uploads\/2021\/08\/154754779_701955250492915_1214414266039340362_n-240x300.jpg\" \/>\n<meta name=\"twitter:card\" content=\"summary_large_image\" \/>\n<meta name=\"twitter:label1\" content=\"Tiempo de lectura\" \/>\n\t<meta name=\"twitter:data1\" content=\"2 minutos\" \/>\n<script type=\"application\/ld+json\" class=\"yoast-schema-graph\">{\"@context\":\"https:\/\/schema.org\",\"@graph\":[{\"@type\":\"WebPage\",\"@id\":\"https:\/\/gp-bridal.com\/book-your-appoinment\/\",\"url\":\"https:\/\/gp-bridal.com\/book-your-appoinment\/\",\"name\":\"Book your appoinment - Guillermo Pharis Bridal Wedding Dresses | Custom Made Gowns in Denver, CO | Los Angeles, CA | New York City\",\"isPartOf\":{\"@id\":\"https:\/\/gp-bridal.com\/#website\"},\"primaryImageOfPage\":{\"@id\":\"https:\/\/gp-bridal.com\/book-your-appoinment\/#primaryimage\"},\"image\":{\"@id\":\"https:\/\/gp-bridal.com\/book-your-appoinment\/#primaryimage\"},\"thumbnailUrl\":\"https:\/\/gp-bridal.com\/wp-content\/uploads\/2021\/08\/154754779_701955250492915_1214414266039340362_n-240x300.jpg\",\"datePublished\":\"2021-07-06T09:49:55+00:00\",\"dateModified\":\"2026-04-15T11:12:24+00:00\",\"description\":\"BRIDAL APPOINTMENT BOOK APPOINTMENT TRUNK SHOW APPOINTMENT BOOK APPOINTMENT WHOLESALE APPOINTMENT BOOK APPOINTMENT On Instagram @guillermopharis La\",\"breadcrumb\":{\"@id\":\"https:\/\/gp-bridal.com\/book-your-appoinment\/#breadcrumb\"},\"inLanguage\":\"es\",\"potentialAction\":[{\"@type\":\"ReadAction\",\"target\":[\"https:\/\/gp-bridal.com\/book-your-appoinment\/\"]}]},{\"@type\":\"ImageObject\",\"inLanguage\":\"es\",\"@id\":\"https:\/\/gp-bridal.com\/book-your-appoinment\/#primaryimage\",\"url\":\"https:\/\/gp-bridal.com\/wp-content\/uploads\/2021\/08\/154754779_701955250492915_1214414266039340362_n-240x300.jpg\",\"contentUrl\":\"https:\/\/gp-bridal.com\/wp-content\/uploads\/2021\/08\/154754779_701955250492915_1214414266039340362_n-240x300.jpg\"},{\"@type\":\"BreadcrumbList\",\"@id\":\"https:\/\/gp-bridal.com\/book-your-appoinment\/#breadcrumb\",\"itemListElement\":[{\"@type\":\"ListItem\",\"position\":1,\"name\":\"Home\",\"item\":\"https:\/\/gp-bridal.com\/\"},{\"@type\":\"ListItem\",\"position\":2,\"name\":\"Book your appoinment\"}]},{\"@type\":\"WebSite\",\"@id\":\"https:\/\/gp-bridal.com\/#website\",\"url\":\"https:\/\/gp-bridal.com\/\",\"name\":\"Denver, CO | Los Angeles, CA | New York City | Guillermo Pharis Bridal Shop | Custom Made Gowns\",\"description\":\"Guillermo Pharis Bridal Wedding Dresses | Custom Made Gowns in Denver, CO, Los Angeles, CA &amp; New York City\",\"publisher\":{\"@id\":\"https:\/\/gp-bridal.com\/#organization\"},\"potentialAction\":[{\"@type\":\"SearchAction\",\"target\":{\"@type\":\"EntryPoint\",\"urlTemplate\":\"https:\/\/gp-bridal.com\/?s={search_term_string}\"},\"query-input\":{\"@type\":\"PropertyValueSpecification\",\"valueRequired\":true,\"valueName\":\"search_term_string\"}}],\"inLanguage\":\"es\"},{\"@type\":\"Organization\",\"@id\":\"https:\/\/gp-bridal.com\/#organization\",\"name\":\"Guillermo Pharis Bridal\",\"url\":\"https:\/\/gp-bridal.com\/\",\"logo\":{\"@type\":\"ImageObject\",\"inLanguage\":\"es\",\"@id\":\"https:\/\/gp-bridal.com\/#\/schema\/logo\/image\/\",\"url\":\"https:\/\/gp-bridal.com\/wp-content\/uploads\/2022\/08\/IMG_5496-3-scaled.jpg\",\"contentUrl\":\"https:\/\/gp-bridal.com\/wp-content\/uploads\/2022\/08\/IMG_5496-3-scaled.jpg\",\"width\":1707,\"height\":2560,\"caption\":\"Guillermo Pharis Bridal\"},\"image\":{\"@id\":\"https:\/\/gp-bridal.com\/#\/schema\/logo\/image\/\"},\"sameAs\":[\"https:\/\/www.facebook.com\/GuillermoPharisBridal\/\",\"https:\/\/www.instagram.com\/guillermopharis\/\"],\"hasMerchantReturnPolicy\":{\"@type\":\"MerchantReturnPolicy\",\"merchantReturnLink\":\"https:\/\/gp-bridal.com\/es\/refund_returns\/\"}}]}<\/script>\n<!-- \/ Yoast SEO Premium plugin. -->","yoast_head_json":{"title":"Book your appoinment - Guillermo Pharis Bridal Wedding Dresses | Custom Made Gowns in Denver, CO | Los Angeles, CA | New York City","description":"BRIDAL APPOINTMENT BOOK APPOINTMENT TRUNK SHOW APPOINTMENT BOOK APPOINTMENT WHOLESALE APPOINTMENT BOOK APPOINTMENT On Instagram @guillermopharis La","robots":{"index":"index","follow":"follow","max-snippet":"max-snippet:-1","max-image-preview":"max-image-preview:large","max-video-preview":"max-video-preview:-1"},"canonical":"https:\/\/gp-bridal.com\/es\/book-your-appoinment\/","og_locale":"es_ES","og_type":"article","og_title":"Book your appoinment","og_description":"BRIDAL APPOINTMENT BOOK APPOINTMENT TRUNK SHOW APPOINTMENT BOOK APPOINTMENT WHOLESALE APPOINTMENT BOOK APPOINTMENT On Instagram @guillermopharis La","og_url":"https:\/\/gp-bridal.com\/es\/book-your-appoinment\/","og_site_name":"Guillermo Pharis Bridal Wedding Dresses | Custom Made Gowns in Denver, CO | Los Angeles, CA | New York City","article_publisher":"https:\/\/www.facebook.com\/GuillermoPharisBridal\/","article_modified_time":"2026-04-15T11:12:24+00:00","og_image":[{"url":"https:\/\/gp-bridal.com\/wp-content\/uploads\/2021\/08\/154754779_701955250492915_1214414266039340362_n-240x300.jpg","type":"","width":"","height":""}],"twitter_card":"summary_large_image","twitter_misc":{"Tiempo de lectura":"2 minutos"},"schema":{"@context":"https:\/\/schema.org","@graph":[{"@type":"WebPage","@id":"https:\/\/gp-bridal.com\/book-your-appoinment\/","url":"https:\/\/gp-bridal.com\/book-your-appoinment\/","name":"Book your appoinment - Guillermo Pharis Bridal Wedding Dresses | Custom Made Gowns in Denver, CO | Los Angeles, CA | New York City","isPartOf":{"@id":"https:\/\/gp-bridal.com\/#website"},"primaryImageOfPage":{"@id":"https:\/\/gp-bridal.com\/book-your-appoinment\/#primaryimage"},"image":{"@id":"https:\/\/gp-bridal.com\/book-your-appoinment\/#primaryimage"},"thumbnailUrl":"https:\/\/gp-bridal.com\/wp-content\/uploads\/2021\/08\/154754779_701955250492915_1214414266039340362_n-240x300.jpg","datePublished":"2021-07-06T09:49:55+00:00","dateModified":"2026-04-15T11:12:24+00:00","description":"BRIDAL APPOINTMENT BOOK APPOINTMENT TRUNK SHOW APPOINTMENT BOOK APPOINTMENT WHOLESALE APPOINTMENT BOOK APPOINTMENT On Instagram @guillermopharis La","breadcrumb":{"@id":"https:\/\/gp-bridal.com\/book-your-appoinment\/#breadcrumb"},"inLanguage":"es","potentialAction":[{"@type":"ReadAction","target":["https:\/\/gp-bridal.com\/book-your-appoinment\/"]}]},{"@type":"ImageObject","inLanguage":"es","@id":"https:\/\/gp-bridal.com\/book-your-appoinment\/#primaryimage","url":"https:\/\/gp-bridal.com\/wp-content\/uploads\/2021\/08\/154754779_701955250492915_1214414266039340362_n-240x300.jpg","contentUrl":"https:\/\/gp-bridal.com\/wp-content\/uploads\/2021\/08\/154754779_701955250492915_1214414266039340362_n-240x300.jpg"},{"@type":"BreadcrumbList","@id":"https:\/\/gp-bridal.com\/book-your-appoinment\/#breadcrumb","itemListElement":[{"@type":"ListItem","position":1,"name":"Home","item":"https:\/\/gp-bridal.com\/"},{"@type":"ListItem","position":2,"name":"Book your appoinment"}]},{"@type":"WebSite","@id":"https:\/\/gp-bridal.com\/#website","url":"https:\/\/gp-bridal.com\/","name":"Denver, CO | Los Angeles, CA | New York City | Guillermo Pharis Bridal Shop | Custom Made Gowns","description":"Guillermo Pharis Bridal Wedding Dresses | Custom Made Gowns in Denver, CO, Los Angeles, CA &amp; New York City","publisher":{"@id":"https:\/\/gp-bridal.com\/#organization"},"potentialAction":[{"@type":"SearchAction","target":{"@type":"EntryPoint","urlTemplate":"https:\/\/gp-bridal.com\/?s={search_term_string}"},"query-input":{"@type":"PropertyValueSpecification","valueRequired":true,"valueName":"search_term_string"}}],"inLanguage":"es"},{"@type":"Organization","@id":"https:\/\/gp-bridal.com\/#organization","name":"Guillermo Pharis Bridal","url":"https:\/\/gp-bridal.com\/","logo":{"@type":"ImageObject","inLanguage":"es","@id":"https:\/\/gp-bridal.com\/#\/schema\/logo\/image\/","url":"https:\/\/gp-bridal.com\/wp-content\/uploads\/2022\/08\/IMG_5496-3-scaled.jpg","contentUrl":"https:\/\/gp-bridal.com\/wp-content\/uploads\/2022\/08\/IMG_5496-3-scaled.jpg","width":1707,"height":2560,"caption":"Guillermo Pharis Bridal"},"image":{"@id":"https:\/\/gp-bridal.com\/#\/schema\/logo\/image\/"},"sameAs":["https:\/\/www.facebook.com\/GuillermoPharisBridal\/","https:\/\/www.instagram.com\/guillermopharis\/"],"hasMerchantReturnPolicy":{"@type":"MerchantReturnPolicy","merchantReturnLink":"https:\/\/gp-bridal.com\/es\/refund_returns\/"}}]}},"_links":{"self":[{"href":"https:\/\/gp-bridal.com\/es\/wp-json\/wp\/v2\/pages\/2177","targetHints":{"allow":["GET"]}}],"collection":[{"href":"https:\/\/gp-bridal.com\/es\/wp-json\/wp\/v2\/pages"}],"about":[{"href":"https:\/\/gp-bridal.com\/es\/wp-json\/wp\/v2\/types\/page"}],"author":[{"embeddable":true,"href":"https:\/\/gp-bridal.com\/es\/wp-json\/wp\/v2\/users\/1"}],"replies":[{"embeddable":true,"href":"https:\/\/gp-bridal.com\/es\/wp-json\/wp\/v2\/comments?post=2177"}],"version-history":[{"count":72,"href":"https:\/\/gp-bridal.com\/es\/wp-json\/wp\/v2\/pages\/2177\/revisions"}],"predecessor-version":[{"id":9123,"href":"https:\/\/gp-bridal.com\/es\/wp-json\/wp\/v2\/pages\/2177\/revisions\/9123"}],"wp:attachment":[{"href":"https:\/\/gp-bridal.com\/es\/wp-json\/wp\/v2\/media?parent=2177"}],"curies":[{"name":"wp","href":"https:\/\/api.w.org\/{rel}","templated":true}]}}