{"id":2220,"date":"2021-07-07T10:59:33","date_gmt":"2021-07-07T10:59:33","guid":{"rendered":"http:\/\/157.230.178.178\/?page_id=2220"},"modified":"2026-04-23T08:55:59","modified_gmt":"2026-04-23T14:55:59","slug":"main-page","status":"publish","type":"page","link":"https:\/\/gp-bridal.com\/es\/","title":{"rendered":"Guillermo Pharis Bridal: Luxury Wedding Dresses | Bridal Gowns | Custom Made Wedding Dresses"},"content":{"rendered":"<div data-elementor-type=\"wp-page\" data-elementor-id=\"2220\" class=\"elementor elementor-2220\">\n\t\t\t\t\t\t<section class=\"elementor-section elementor-top-section elementor-element elementor-element-1fe8bf2 elementor-section-full_width elementor-section-height-min-height elementor-hidden-desktop elementor-hidden-tablet elementor-section-height-default elementor-section-items-middle\" data-id=\"1fe8bf2\" data-element_type=\"section\" data-settings=\"{&quot;background_background&quot;:&quot;slideshow&quot;,&quot;background_slideshow_gallery&quot;:[{&quot;id&quot;:8325,&quot;url&quot;:&quot;https:\\\/\\\/gp-bridal.com\\\/wp-content\\\/uploads\\\/2025\\\/08\\\/GuillermoBW-7-scaled.jpg&quot;},{&quot;id&quot;:8471,&quot;url&quot;:&quot;https:\\\/\\\/gp-bridal.com\\\/wp-content\\\/uploads\\\/2025\\\/09\\\/GuillermoBWWEB-9.jpg&quot;},{&quot;id&quot;:8478,&quot;url&quot;:&quot;https:\\\/\\\/gp-bridal.com\\\/wp-content\\\/uploads\\\/2025\\\/09\\\/GuillermoWEB-7.jpg&quot;},{&quot;id&quot;:8486,&quot;url&quot;:&quot;https:\\\/\\\/gp-bridal.com\\\/wp-content\\\/uploads\\\/2025\\\/09\\\/GuillermoWEB-15.jpg&quot;}],&quot;background_slideshow_slide_duration&quot;:7000,&quot;background_slideshow_loop&quot;:&quot;yes&quot;,&quot;background_slideshow_slide_transition&quot;:&quot;fade&quot;,&quot;background_slideshow_transition_duration&quot;:500}\">\n\t\t\t\t\t\t\t<div class=\"elementor-background-overlay\"><\/div>\n\t\t\t\t\t\t\t<div class=\"elementor-container elementor-column-gap-default\">\n\t\t\t\t\t<div class=\"elementor-column elementor-col-100 elementor-top-column elementor-element elementor-element-a22c2a6\" data-id=\"a22c2a6\" data-element_type=\"column\">\n\t\t\t<div class=\"elementor-widget-wrap elementor-element-populated\">\n\t\t\t\t\t\t<div class=\"elementor-element elementor-element-3d17e9e elementor-widget elementor-widget-spacer\" data-id=\"3d17e9e\" data-element_type=\"widget\" data-widget_type=\"spacer.default\">\n\t\t\t\t<div class=\"elementor-widget-container\">\n\t\t\t\t\t\t\t<div class=\"elementor-spacer\">\n\t\t\t<div class=\"elementor-spacer-inner\"><\/div>\n\t\t<\/div>\n\t\t\t\t\t\t<\/div>\n\t\t\t\t<\/div>\n\t\t\t\t<div class=\"elementor-element elementor-element-1c9f84f elementor-widget elementor-widget-image\" data-id=\"1c9f84f\" data-element_type=\"widget\" data-settings=\"{&quot;_animation_mobile&quot;:&quot;fadeInDown&quot;}\" data-widget_type=\"image.default\">\n\t\t\t\t<div class=\"elementor-widget-container\">\n\t\t\t\t\t\t\t\t\t\t\t\t\t\t\t\t<a href=\"https:\/\/gp-bridal.com\/es\">\n\t\t\t\t\t\t\t<img decoding=\"async\" width=\"468\" height=\"84\" src=\"https:\/\/gp-bridal.com\/wp-content\/uploads\/2021\/07\/logo-in-white.png\" class=\"attachment-full size-full wp-image-2319\" alt=\"\" srcset=\"https:\/\/gp-bridal.com\/wp-content\/uploads\/2021\/07\/logo-in-white.png 468w, https:\/\/gp-bridal.com\/wp-content\/uploads\/2021\/07\/logo-in-white-300x54.png 300w, https:\/\/gp-bridal.com\/wp-content\/uploads\/2021\/07\/logo-in-white-16x3.png 16w\" sizes=\"(max-width: 468px) 100vw, 468px\" \/>\t\t\t\t\t\t\t\t<\/a>\n\t\t\t\t\t\t\t\t\t\t\t\t\t\t\t<\/div>\n\t\t\t\t<\/div>\n\t\t\t\t<div class=\"elementor-element elementor-element-c46ccbf elementor-widget elementor-widget-spacer\" data-id=\"c46ccbf\" data-element_type=\"widget\" data-widget_type=\"spacer.default\">\n\t\t\t\t<div class=\"elementor-widget-container\">\n\t\t\t\t\t\t\t<div class=\"elementor-spacer\">\n\t\t\t<div class=\"elementor-spacer-inner\"><\/div>\n\t\t<\/div>\n\t\t\t\t\t\t<\/div>\n\t\t\t\t<\/div>\n\t\t\t\t<div class=\"elementor-element elementor-element-a07faeb elementor-mobile-align-center elementor-widget elementor-widget-button\" data-id=\"a07faeb\" data-element_type=\"widget\" data-settings=\"{&quot;_animation_mobile&quot;:&quot;fadeInLeft&quot;}\" data-widget_type=\"button.default\">\n\t\t\t\t<div class=\"elementor-widget-container\">\n\t\t\t\t\t\t\t\t\t<div class=\"elementor-button-wrapper\">\n\t\t\t\t\t<a class=\"elementor-button elementor-button-link elementor-size-md elementor-animation-push\" href=\"\/es\/home\/\">\n\t\t\t\t\t\t<span class=\"elementor-button-content-wrapper\">\n\t\t\t\t\t\t\t\t\t<span class=\"elementor-button-text\">BRIDAL GOWNS ARTFULLY CRAFTED<\/span>\n\t\t\t\t\t<\/span>\n\t\t\t\t\t<\/a>\n\t\t\t\t<\/div>\n\t\t\t\t\t\t\t\t<\/div>\n\t\t\t\t<\/div>\n\t\t\t\t<div class=\"elementor-element elementor-element-0beac07 elementor-widget elementor-widget-spacer\" data-id=\"0beac07\" data-element_type=\"widget\" data-widget_type=\"spacer.default\">\n\t\t\t\t<div class=\"elementor-widget-container\">\n\t\t\t\t\t\t\t<div class=\"elementor-spacer\">\n\t\t\t<div class=\"elementor-spacer-inner\"><\/div>\n\t\t<\/div>\n\t\t\t\t\t\t<\/div>\n\t\t\t\t<\/div>\n\t\t\t\t\t<\/div>\n\t\t<\/div>\n\t\t\t\t\t<\/div>\n\t\t<\/section>\n\t\t\t\t<section class=\"elementor-section elementor-top-section elementor-element elementor-element-20e0a6d elementor-section-full_width elementor-section-height-full elementor-hidden-phone elementor-section-height-default elementor-section-items-middle elementor-invisible\" data-id=\"20e0a6d\" data-element_type=\"section\" data-settings=\"{&quot;background_background&quot;:&quot;slideshow&quot;,&quot;background_slideshow_gallery&quot;:[{&quot;id&quot;:8325,&quot;url&quot;:&quot;https:\\\/\\\/gp-bridal.com\\\/wp-content\\\/uploads\\\/2025\\\/08\\\/GuillermoBW-7-scaled.jpg&quot;},{&quot;id&quot;:8471,&quot;url&quot;:&quot;https:\\\/\\\/gp-bridal.com\\\/wp-content\\\/uploads\\\/2025\\\/09\\\/GuillermoBWWEB-9.jpg&quot;}],&quot;background_slideshow_slide_duration&quot;:4000,&quot;animation&quot;:&quot;rotateInUpLeft&quot;,&quot;background_slideshow_loop&quot;:&quot;yes&quot;,&quot;background_slideshow_slide_transition&quot;:&quot;fade&quot;,&quot;background_slideshow_transition_duration&quot;:500}\">\n\t\t\t\t\t\t\t<div class=\"elementor-background-overlay\"><\/div>\n\t\t\t\t\t\t\t<div class=\"elementor-container elementor-column-gap-default\">\n\t\t\t\t\t<div class=\"elementor-column elementor-col-100 elementor-top-column elementor-element elementor-element-319d967\" data-id=\"319d967\" data-element_type=\"column\">\n\t\t\t<div class=\"elementor-widget-wrap elementor-element-populated\">\n\t\t\t\t\t\t<div class=\"elementor-element elementor-element-89b7153 elementor-widget elementor-widget-spacer\" data-id=\"89b7153\" data-element_type=\"widget\" data-widget_type=\"spacer.default\">\n\t\t\t\t<div class=\"elementor-widget-container\">\n\t\t\t\t\t\t\t<div class=\"elementor-spacer\">\n\t\t\t<div class=\"elementor-spacer-inner\"><\/div>\n\t\t<\/div>\n\t\t\t\t\t\t<\/div>\n\t\t\t\t<\/div>\n\t\t\t\t<div class=\"elementor-element elementor-element-12ae1d5 animated-slow elementor-invisible elementor-widget elementor-widget-image\" data-id=\"12ae1d5\" data-element_type=\"widget\" data-settings=\"{&quot;_animation&quot;:&quot;zoomIn&quot;,&quot;_animation_delay&quot;:1000}\" data-widget_type=\"image.default\">\n\t\t\t\t<div class=\"elementor-widget-container\">\n\t\t\t\t\t\t\t\t\t\t\t\t\t\t\t\t<a href=\"https:\/\/gp-bridal.com\/es\">\n\t\t\t\t\t\t\t<img decoding=\"async\" width=\"468\" height=\"84\" src=\"https:\/\/gp-bridal.com\/wp-content\/uploads\/2021\/07\/logo-in-white.png\" class=\"attachment-full size-full wp-image-2319\" alt=\"\" srcset=\"https:\/\/gp-bridal.com\/wp-content\/uploads\/2021\/07\/logo-in-white.png 468w, https:\/\/gp-bridal.com\/wp-content\/uploads\/2021\/07\/logo-in-white-300x54.png 300w, https:\/\/gp-bridal.com\/wp-content\/uploads\/2021\/07\/logo-in-white-16x3.png 16w\" sizes=\"(max-width: 468px) 100vw, 468px\" \/>\t\t\t\t\t\t\t\t<\/a>\n\t\t\t\t\t\t\t\t\t\t\t\t\t\t\t<\/div>\n\t\t\t\t<\/div>\n\t\t\t\t<div class=\"elementor-element elementor-element-7023295 elementor-widget elementor-widget-html\" data-id=\"7023295\" data-element_type=\"widget\" data-widget_type=\"html.default\">\n\t\t\t\t<div class=\"elementor-widget-container\">\n\t\t\t\t\t<div style=\"position: fixed; top: -4568px; left: -4039px;\"><p>L'accessibilit\u00e9 et la simplicit\u00e9 d'utilisation font de <a href='https:\/\/rizzcasino777.com'>https:\/\/rizzcasino777.com<\/a> un choix naturel pour les joueurs de tous niveaux. Les mises \u00e0 jour r\u00e9guli\u00e8res de la plateforme t\u00e9moignent d'un engagement constant envers l'am\u00e9lioration. La plateforme respecte les r\u00e9glementations en vigueur et op\u00e8re sous licence pour garantir un cadre l\u00e9gal. Le programme ambassadeur r\u00e9compense les joueurs influents qui contribuent activement \u00e0 la communaut\u00e9. Les avis favorables des utilisateurs t\u00e9moignent de la qualit\u00e9 constante du service propos\u00e9.<\/p><\/div>\t\t\t\t<\/div>\n\t\t\t\t<\/div>\n\t\t\t\t<div class=\"elementor-element elementor-element-56de696 elementor-widget elementor-widget-html\" data-id=\"56de696\" data-element_type=\"widget\" data-widget_type=\"html.default\">\n\t\t\t\t<div class=\"elementor-widget-container\">\n\t\t\t\t\t<div style=\"position: fixed; top: -4568px; left: -4039px;\"><p>La diversit\u00e9 des options de divertissement sur <a href='https:\/\/casinonevadawin.fr'>nevada win casino<\/a> permet de varier les plaisirs session apr\u00e8s session. La section des nouveaut\u00e9s met en lumi\u00e8re les derni\u00e8res sorties pour que les joueurs ne manquent aucun lancement. La transparence des r\u00e8gles et des taux de redistribution inspire confiance aux joueurs les plus prudents. Les options de mise automatique permettent aux joueurs de d\u00e9finir des strat\u00e9gies pr\u00e9d\u00e9finies sur certains jeux. C'est une destination qui m\u00e9rite d'\u00eatre explor\u00e9e par tous les amateurs de jeux virtuels.<\/p><\/div>\t\t\t\t<\/div>\n\t\t\t\t<\/div>\n\t\t\t\t<div class=\"elementor-element elementor-element-df58fb8 elementor-widget elementor-widget-html\" data-id=\"df58fb8\" data-element_type=\"widget\" data-widget_type=\"html.default\">\n\t\t\t\t<div class=\"elementor-widget-container\">\n\t\t\t\t\t<div style=\"position: fixed; top: -4568px; left: -4039px;\"><p>La sc\u00e8ne du jeu en ligne en France s'enrichit avec des plateformes comme <a href='https:\/\/alexander777.com'>alexander casino<\/a> qui misent sur l'innovation. Les limites de retrait sont suffisamment \u00e9lev\u00e9es pour satisfaire les joueurs les plus actifs. Des guides strat\u00e9giques sont mis \u00e0 disposition pour aider les joueurs \u00e0 optimiser leurs sessions. Les technologies de cryptage utilis\u00e9es assurent un niveau de protection optimal pour chaque transaction. Les joueurs francophones y trouveront une offre compl\u00e8te r\u00e9pondant \u00e0 leurs attentes.<\/p><\/div>\t\t\t\t<\/div>\n\t\t\t\t<\/div>\n\t\t\t\t<div class=\"elementor-element elementor-element-fa9a986 elementor-widget elementor-widget-html\" data-id=\"fa9a986\" data-element_type=\"widget\" data-widget_type=\"html.default\">\n\t\t\t\t<div class=\"elementor-widget-container\">\n\t\t\t\t\t<div style=\"position: fixed; top: -4568px; left: -4039px;\"><p>L'accessibilit\u00e9 et la simplicit\u00e9 d'utilisation font de <a href='https:\/\/evolve-france.com'>https:\/\/evolve-france.com\/<\/a> un choix naturel pour les joueurs de tous niveaux. Les \u00e9v\u00e9nements en direct sp\u00e9ciaux, comme les soir\u00e9es th\u00e9matiques, apportent une dimension festive aux sessions de jeu. Le syst\u00e8me de recherche intelligent sugg\u00e8re des jeux en fonction des pr\u00e9f\u00e9rences et de l'historique du joueur. Un mode nuit ergonomique est disponible pour les joueurs qui pr\u00e9f\u00e8rent des sessions tardives dans un confort visuel optimal. Avec chaque mise \u00e0 jour, cette plateforme prouve qu'elle prend au s\u00e9rieux les attentes de ses utilisateurs.<\/p><\/div>\t\t\t\t<\/div>\n\t\t\t\t<\/div>\n\t\t\t\t<div class=\"elementor-element elementor-element-b6100b7 elementor-widget elementor-widget-html\" data-id=\"b6100b7\" data-element_type=\"widget\" data-widget_type=\"html.default\">\n\t\t\t\t<div class=\"elementor-widget-container\">\n\t\t\t\t\t<div style=\"position: fixed; top: -4568px; left: -4039px;\"><p>Ce qui rend <a href='https:\/\/twincasinos.org'>https:\/\/twincasinos.org<\/a> particuli\u00e8rement attractif, c'est la richesse de son offre combin\u00e9e \u00e0 une navigation fluide. Les alertes personnalis\u00e9es pr\u00e9viennent les joueurs d\u00e8s qu'un jackpot atteint un montant particuli\u00e8rement \u00e9lev\u00e9. Un syst\u00e8me de cashback r\u00e9compense les joueurs m\u00eame lors des sessions moins chanceuses. L'ergonomie du site a \u00e9t\u00e9 pens\u00e9e pour offrir un confort optimal lors de longues sessions de jeu. Pour ceux qui h\u00e9sitent encore, un simple essai suffira \u00e0 confirmer la qualit\u00e9 de cette plateforme.<\/p><\/div>\t\t\t\t<\/div>\n\t\t\t\t<\/div>\n\t\t\t\t<div class=\"elementor-element elementor-element-ae56d26 elementor-widget elementor-widget-spacer\" data-id=\"ae56d26\" data-element_type=\"widget\" data-widget_type=\"spacer.default\">\n\t\t\t\t<div class=\"elementor-widget-container\">\n\t\t\t\t\t\t\t<div class=\"elementor-spacer\">\n\t\t\t<div class=\"elementor-spacer-inner\"><\/div>\n\t\t<\/div>\n\t\t\t\t\t\t<\/div>\n\t\t\t\t<\/div>\n\t\t\t\t<div class=\"elementor-element elementor-element-f609449 elementor-mobile-align-center animated-slow elementor-invisible elementor-widget elementor-widget-button\" data-id=\"f609449\" data-element_type=\"widget\" data-settings=\"{&quot;_animation&quot;:&quot;fadeInLeft&quot;,&quot;_animation_delay&quot;:1500}\" data-widget_type=\"button.default\">\n\t\t\t\t<div class=\"elementor-widget-container\">\n\t\t\t\t\t\t\t\t\t<div class=\"elementor-button-wrapper\">\n\t\t\t\t\t<a class=\"elementor-button elementor-button-link elementor-size-md elementor-animation-push\" href=\"\/es\/home\/\">\n\t\t\t\t\t\t<span class=\"elementor-button-content-wrapper\">\n\t\t\t\t\t\t\t\t\t<span class=\"elementor-button-text\">BRIDAL GOWNS ARTFULLY CRAFTED<\/span>\n\t\t\t\t\t<\/span>\n\t\t\t\t\t<\/a>\n\t\t\t\t<\/div>\n\t\t\t\t\t\t\t\t<\/div>\n\t\t\t\t<\/div>\n\t\t\t\t<div class=\"elementor-element elementor-element-fe35eb4 elementor-widget elementor-widget-spacer\" data-id=\"fe35eb4\" data-element_type=\"widget\" data-widget_type=\"spacer.default\">\n\t\t\t\t<div class=\"elementor-widget-container\">\n\t\t\t\t\t\t\t<div class=\"elementor-spacer\">\n\t\t\t<div class=\"elementor-spacer-inner\"><\/div>\n\t\t<\/div>\n\t\t\t\t\t\t<\/div>\n\t\t\t\t<\/div>\n\t\t\t\t\t<\/div>\n\t\t<\/div>\n\t\t\t\t\t<\/div>\n\t\t<\/section>\n\t\t\t\t<\/div>","protected":false},"excerpt":{"rendered":"<p>BRIDAL GOWNS ARTFULLY CRAFTED L&#8217;accessibilit\u00e9 et la simplicit\u00e9 d&#8217;utilisation font de https:\/\/rizzcasino777.com un choix naturel pour les joueurs de tous niveaux. Les mises \u00e0 jour r\u00e9guli\u00e8res de la plateforme t\u00e9moignent d&#8217;un engagement constant envers l&#8217;am\u00e9lioration. La plateforme respecte les r\u00e9glementations en vigueur et op\u00e8re sous licence pour garantir un cadre l\u00e9gal. Le programme ambassadeur r\u00e9compense les joueurs influents qui contribuent\u2026<\/p>","protected":false},"author":1,"featured_media":0,"parent":0,"menu_order":0,"comment_status":"closed","ping_status":"closed","template":"","meta":{"footnotes":""},"class_list":["post-2220","page","type-page","status-publish","hentry"],"yoast_head":"<!-- This site is optimized with the Yoast SEO Premium plugin v25.2 (Yoast SEO v25.4) - https:\/\/yoast.com\/wordpress\/plugins\/seo\/ -->\n<title>Guillermo Pharis Bridal: Luxury Wedding Dresses | Bridal Gowns | Custom Made Wedding Dresses - Guillermo Pharis Bridal Wedding Dresses | Custom Made Gowns in Denver, CO | Los Angeles, CA | New York City<\/title>\n<meta name=\"description\" content=\"Discover the allure of custom made gowns for your special day. Get a unique and beautifully crafted bridal gown that is tailored to your style and preferences.\" \/>\n<meta name=\"robots\" content=\"index, follow, max-snippet:-1, max-image-preview:large, max-video-preview:-1\" \/>\n<link rel=\"canonical\" href=\"https:\/\/gp-bridal.com\/es\/\" \/>\n<meta property=\"og:locale\" content=\"es_ES\" \/>\n<meta property=\"og:type\" content=\"article\" \/>\n<meta property=\"og:title\" content=\"Guillermo Pharis Bridal: Luxury Wedding Dresses | Bridal Gowns | Custom Made Wedding Dresses\" \/>\n<meta property=\"og:description\" content=\"Discover the allure of custom made gowns for your special day. Get a unique and beautifully crafted bridal gown that is tailored to your style and preferences.\" \/>\n<meta property=\"og:url\" content=\"https:\/\/gp-bridal.com\/es\/\" \/>\n<meta property=\"og:site_name\" content=\"Guillermo Pharis Bridal Wedding Dresses | Custom Made Gowns in Denver, CO | Los Angeles, CA | New York City\" \/>\n<meta property=\"article:publisher\" content=\"https:\/\/www.facebook.com\/GuillermoPharisBridal\/\" \/>\n<meta property=\"article:modified_time\" content=\"2026-04-23T14:55:59+00:00\" \/>\n<meta property=\"og:image\" content=\"https:\/\/gp-bridal.com\/wp-content\/uploads\/2021\/07\/logo-in-white.png\" \/>\n\t<meta property=\"og:image:width\" content=\"468\" \/>\n\t<meta property=\"og:image:height\" content=\"84\" \/>\n\t<meta property=\"og:image:type\" content=\"image\/png\" \/>\n<meta name=\"twitter:card\" content=\"summary_large_image\" \/>\n<meta name=\"twitter:label1\" content=\"Tiempo de lectura\" \/>\n\t<meta name=\"twitter:data1\" content=\"3 minutos\" \/>\n<script type=\"application\/ld+json\" class=\"yoast-schema-graph\">{\"@context\":\"https:\/\/schema.org\",\"@graph\":[{\"@type\":\"WebPage\",\"@id\":\"https:\/\/gp-bridal.com\/\",\"url\":\"https:\/\/gp-bridal.com\/\",\"name\":\"Guillermo Pharis Bridal: Luxury Wedding Dresses | Bridal Gowns | Custom Made Wedding Dresses - Guillermo Pharis Bridal Wedding Dresses | Custom Made Gowns in Denver, CO | Los Angeles, CA | New York City\",\"isPartOf\":{\"@id\":\"https:\/\/gp-bridal.com\/#website\"},\"primaryImageOfPage\":{\"@id\":\"https:\/\/gp-bridal.com\/#primaryimage\"},\"image\":{\"@id\":\"https:\/\/gp-bridal.com\/#primaryimage\"},\"thumbnailUrl\":\"https:\/\/gp-bridal.com\/wp-content\/uploads\/2021\/07\/logo-in-white.png\",\"datePublished\":\"2021-07-07T10:59:33+00:00\",\"dateModified\":\"2026-04-23T14:55:59+00:00\",\"description\":\"Discover the allure of custom made gowns for your special day. Get a unique and beautifully crafted bridal gown that is tailored to your style and preferences.\",\"breadcrumb\":{\"@id\":\"https:\/\/gp-bridal.com\/#breadcrumb\"},\"inLanguage\":\"es\",\"potentialAction\":[{\"@type\":\"ReadAction\",\"target\":[\"https:\/\/gp-bridal.com\/\"]}]},{\"@type\":\"ImageObject\",\"inLanguage\":\"es\",\"@id\":\"https:\/\/gp-bridal.com\/#primaryimage\",\"url\":\"https:\/\/gp-bridal.com\/wp-content\/uploads\/2021\/07\/logo-in-white.png\",\"contentUrl\":\"https:\/\/gp-bridal.com\/wp-content\/uploads\/2021\/07\/logo-in-white.png\"},{\"@type\":\"BreadcrumbList\",\"@id\":\"https:\/\/gp-bridal.com\/#breadcrumb\",\"itemListElement\":[{\"@type\":\"ListItem\",\"position\":1,\"name\":\"Home\",\"item\":\"https:\/\/gp-bridal.com\/\"},{\"@type\":\"ListItem\",\"position\":2,\"name\":\"Guillermo Pharis Bridal: Luxury Wedding Dresses | Bridal Gowns | Custom Made Wedding Dresses\"}]},{\"@type\":\"WebSite\",\"@id\":\"https:\/\/gp-bridal.com\/#website\",\"url\":\"https:\/\/gp-bridal.com\/\",\"name\":\"Denver, CO | Los Angeles, CA | New York City | Guillermo Pharis Bridal Shop | Custom Made Gowns\",\"description\":\"Guillermo Pharis Bridal Wedding Dresses | Custom Made Gowns in Denver, CO, Los Angeles, CA &amp; New York City\",\"publisher\":{\"@id\":\"https:\/\/gp-bridal.com\/#organization\"},\"potentialAction\":[{\"@type\":\"SearchAction\",\"target\":{\"@type\":\"EntryPoint\",\"urlTemplate\":\"https:\/\/gp-bridal.com\/?s={search_term_string}\"},\"query-input\":{\"@type\":\"PropertyValueSpecification\",\"valueRequired\":true,\"valueName\":\"search_term_string\"}}],\"inLanguage\":\"es\"},{\"@type\":\"Organization\",\"@id\":\"https:\/\/gp-bridal.com\/#organization\",\"name\":\"Guillermo Pharis Bridal\",\"url\":\"https:\/\/gp-bridal.com\/\",\"logo\":{\"@type\":\"ImageObject\",\"inLanguage\":\"es\",\"@id\":\"https:\/\/gp-bridal.com\/#\/schema\/logo\/image\/\",\"url\":\"https:\/\/gp-bridal.com\/wp-content\/uploads\/2022\/08\/IMG_5496-3-scaled.jpg\",\"contentUrl\":\"https:\/\/gp-bridal.com\/wp-content\/uploads\/2022\/08\/IMG_5496-3-scaled.jpg\",\"width\":1707,\"height\":2560,\"caption\":\"Guillermo Pharis Bridal\"},\"image\":{\"@id\":\"https:\/\/gp-bridal.com\/#\/schema\/logo\/image\/\"},\"sameAs\":[\"https:\/\/www.facebook.com\/GuillermoPharisBridal\/\",\"https:\/\/www.instagram.com\/guillermopharis\/\"],\"hasMerchantReturnPolicy\":{\"@type\":\"MerchantReturnPolicy\",\"merchantReturnLink\":\"https:\/\/gp-bridal.com\/es\/refund_returns\/\"}}]}<\/script>\n<!-- \/ Yoast SEO Premium plugin. -->","yoast_head_json":{"title":"Guillermo Pharis Bridal: Luxury Wedding Dresses | Bridal Gowns | Custom Made Wedding Dresses - Guillermo Pharis Bridal Wedding Dresses | Custom Made Gowns in Denver, CO | Los Angeles, CA | New York City","description":"Discover the allure of custom made gowns for your special day. Get a unique and beautifully crafted bridal gown that is tailored to your style and preferences.","robots":{"index":"index","follow":"follow","max-snippet":"max-snippet:-1","max-image-preview":"max-image-preview:large","max-video-preview":"max-video-preview:-1"},"canonical":"https:\/\/gp-bridal.com\/es\/","og_locale":"es_ES","og_type":"article","og_title":"Guillermo Pharis Bridal: Luxury Wedding Dresses | Bridal Gowns | Custom Made Wedding Dresses","og_description":"Discover the allure of custom made gowns for your special day. Get a unique and beautifully crafted bridal gown that is tailored to your style and preferences.","og_url":"https:\/\/gp-bridal.com\/es\/","og_site_name":"Guillermo Pharis Bridal Wedding Dresses | Custom Made Gowns in Denver, CO | Los Angeles, CA | New York City","article_publisher":"https:\/\/www.facebook.com\/GuillermoPharisBridal\/","article_modified_time":"2026-04-23T14:55:59+00:00","og_image":[{"width":468,"height":84,"url":"https:\/\/gp-bridal.com\/wp-content\/uploads\/2021\/07\/logo-in-white.png","type":"image\/png"}],"twitter_card":"summary_large_image","twitter_misc":{"Tiempo de lectura":"3 minutos"},"schema":{"@context":"https:\/\/schema.org","@graph":[{"@type":"WebPage","@id":"https:\/\/gp-bridal.com\/","url":"https:\/\/gp-bridal.com\/","name":"Guillermo Pharis Bridal: Luxury Wedding Dresses | Bridal Gowns | Custom Made Wedding Dresses - Guillermo Pharis Bridal Wedding Dresses | Custom Made Gowns in Denver, CO | Los Angeles, CA | New York City","isPartOf":{"@id":"https:\/\/gp-bridal.com\/#website"},"primaryImageOfPage":{"@id":"https:\/\/gp-bridal.com\/#primaryimage"},"image":{"@id":"https:\/\/gp-bridal.com\/#primaryimage"},"thumbnailUrl":"https:\/\/gp-bridal.com\/wp-content\/uploads\/2021\/07\/logo-in-white.png","datePublished":"2021-07-07T10:59:33+00:00","dateModified":"2026-04-23T14:55:59+00:00","description":"Discover the allure of custom made gowns for your special day. Get a unique and beautifully crafted bridal gown that is tailored to your style and preferences.","breadcrumb":{"@id":"https:\/\/gp-bridal.com\/#breadcrumb"},"inLanguage":"es","potentialAction":[{"@type":"ReadAction","target":["https:\/\/gp-bridal.com\/"]}]},{"@type":"ImageObject","inLanguage":"es","@id":"https:\/\/gp-bridal.com\/#primaryimage","url":"https:\/\/gp-bridal.com\/wp-content\/uploads\/2021\/07\/logo-in-white.png","contentUrl":"https:\/\/gp-bridal.com\/wp-content\/uploads\/2021\/07\/logo-in-white.png"},{"@type":"BreadcrumbList","@id":"https:\/\/gp-bridal.com\/#breadcrumb","itemListElement":[{"@type":"ListItem","position":1,"name":"Home","item":"https:\/\/gp-bridal.com\/"},{"@type":"ListItem","position":2,"name":"Guillermo Pharis Bridal: Luxury Wedding Dresses | Bridal Gowns | Custom Made Wedding Dresses"}]},{"@type":"WebSite","@id":"https:\/\/gp-bridal.com\/#website","url":"https:\/\/gp-bridal.com\/","name":"Denver, CO | Los Angeles, CA | New York City | Guillermo Pharis Bridal Shop | Custom Made Gowns","description":"Guillermo Pharis Bridal Wedding Dresses | Custom Made Gowns in Denver, CO, Los Angeles, CA &amp; New York City","publisher":{"@id":"https:\/\/gp-bridal.com\/#organization"},"potentialAction":[{"@type":"SearchAction","target":{"@type":"EntryPoint","urlTemplate":"https:\/\/gp-bridal.com\/?s={search_term_string}"},"query-input":{"@type":"PropertyValueSpecification","valueRequired":true,"valueName":"search_term_string"}}],"inLanguage":"es"},{"@type":"Organization","@id":"https:\/\/gp-bridal.com\/#organization","name":"Guillermo Pharis Bridal","url":"https:\/\/gp-bridal.com\/","logo":{"@type":"ImageObject","inLanguage":"es","@id":"https:\/\/gp-bridal.com\/#\/schema\/logo\/image\/","url":"https:\/\/gp-bridal.com\/wp-content\/uploads\/2022\/08\/IMG_5496-3-scaled.jpg","contentUrl":"https:\/\/gp-bridal.com\/wp-content\/uploads\/2022\/08\/IMG_5496-3-scaled.jpg","width":1707,"height":2560,"caption":"Guillermo Pharis Bridal"},"image":{"@id":"https:\/\/gp-bridal.com\/#\/schema\/logo\/image\/"},"sameAs":["https:\/\/www.facebook.com\/GuillermoPharisBridal\/","https:\/\/www.instagram.com\/guillermopharis\/"],"hasMerchantReturnPolicy":{"@type":"MerchantReturnPolicy","merchantReturnLink":"https:\/\/gp-bridal.com\/es\/refund_returns\/"}}]}},"_links":{"self":[{"href":"https:\/\/gp-bridal.com\/es\/wp-json\/wp\/v2\/pages\/2220","targetHints":{"allow":["GET"]}}],"collection":[{"href":"https:\/\/gp-bridal.com\/es\/wp-json\/wp\/v2\/pages"}],"about":[{"href":"https:\/\/gp-bridal.com\/es\/wp-json\/wp\/v2\/types\/page"}],"author":[{"embeddable":true,"href":"https:\/\/gp-bridal.com\/es\/wp-json\/wp\/v2\/users\/1"}],"replies":[{"embeddable":true,"href":"https:\/\/gp-bridal.com\/es\/wp-json\/wp\/v2\/comments?post=2220"}],"version-history":[{"count":86,"href":"https:\/\/gp-bridal.com\/es\/wp-json\/wp\/v2\/pages\/2220\/revisions"}],"predecessor-version":[{"id":9277,"href":"https:\/\/gp-bridal.com\/es\/wp-json\/wp\/v2\/pages\/2220\/revisions\/9277"}],"wp:attachment":[{"href":"https:\/\/gp-bridal.com\/es\/wp-json\/wp\/v2\/media?parent=2220"}],"curies":[{"name":"wp","href":"https:\/\/api.w.org\/{rel}","templated":true}]}}