{"id":2877,"date":"2021-07-10T11:24:59","date_gmt":"2021-07-10T11:24:59","guid":{"rendered":"http:\/\/157.230.178.178\/?page_id=2877"},"modified":"2026-04-15T05:14:29","modified_gmt":"2026-04-15T11:14:29","slug":"boutique-appointments","status":"publish","type":"page","link":"https:\/\/gp-bridal.com\/es\/boutique-appointments\/","title":{"rendered":"Boutique Appointments"},"content":{"rendered":"<div data-elementor-type=\"wp-page\" data-elementor-id=\"2877\" class=\"elementor elementor-2877\">\n\t\t\t\t\t\t<section class=\"elementor-section elementor-top-section elementor-element elementor-element-9bd3512 elementor-section-boxed elementor-section-height-default elementor-section-height-default\" data-id=\"9bd3512\" data-element_type=\"section\">\n\t\t\t\t\t\t<div class=\"elementor-container elementor-column-gap-default\">\n\t\t\t\t\t<div class=\"elementor-column elementor-col-100 elementor-top-column elementor-element elementor-element-24186df\" data-id=\"24186df\" data-element_type=\"column\">\n\t\t\t<div class=\"elementor-widget-wrap elementor-element-populated\">\n\t\t\t\t\t\t<div class=\"elementor-element elementor-element-269c6dc elementor-widget elementor-widget-heading\" data-id=\"269c6dc\" data-element_type=\"widget\" data-widget_type=\"heading.default\">\n\t\t\t\t<div class=\"elementor-widget-container\">\n\t\t\t\t\t<h2 class=\"elementor-heading-title elementor-size-default\">Boutique Appointments<\/h2>\t\t\t\t<\/div>\n\t\t\t\t<\/div>\n\t\t\t\t\t<\/div>\n\t\t<\/div>\n\t\t\t\t\t<\/div>\n\t\t<\/section>\n\t\t\t\t<section class=\"elementor-section elementor-top-section elementor-element elementor-element-c71f6f9 elementor-section-boxed elementor-section-height-default elementor-section-height-default\" data-id=\"c71f6f9\" data-element_type=\"section\">\n\t\t\t\t\t\t<div class=\"elementor-container elementor-column-gap-default\">\n\t\t\t\t\t<div class=\"elementor-column elementor-col-100 elementor-top-column elementor-element elementor-element-fefddcf\" data-id=\"fefddcf\" data-element_type=\"column\">\n\t\t\t<div class=\"elementor-widget-wrap elementor-element-populated\">\n\t\t\t\t\t\t<div class=\"elementor-element elementor-element-d41ebae elementor-widget elementor-widget-text-editor\" data-id=\"d41ebae\" data-element_type=\"widget\" data-widget_type=\"text-editor.default\">\n\t\t\t\t<div class=\"elementor-widget-container\">\n\t\t\t\t\t\t\t\t\t<p><!--\nPlugin Name: Bookly \u2013 Responsive WordPress Appointment Booking and Scheduling Plugin\nPlugin URI: https:\/\/www.booking-wp-plugin.com\/?utm_source=bookly_admin&utm_medium=plugins_page&utm_campaign=plugins_page\nVersion: 24.9-->\n<style type=\"text\/css\">\n    :root {\n        --bookly-main-color: #000000 !important;\n        --bookly-color: #000000 !important;\n    }\n\n    <\/style><div class=\"bookly-css-root\">\n    <div id=\"bookly-form-69ecd33bdae2d\" class=\"bookly-form\" data-form_id=\"69ecd33bdae2d\" aria-live=\"polite\">\n        <div style=\"text-align: center\"><img decoding=\"async\" src=\"https:\/\/gp-bridal.com\/wp-includes\/js\/tinymce\/skins\/lightgray\/img\/loader.gif\" alt=\"Cargando ...\"\/><\/div>\n    <\/div>\n<\/div>\n<script type=\"text\/javascript\">\n    (function (win, fn) {\n        var done = false, top = true,\n            doc = win.document,\n            root = doc.documentElement,\n            modern = doc.addEventListener,\n            add = modern ? 'addEventListener' : 'attachEvent',\n            rem = modern ? 'removeEventListener' : 'detachEvent',\n            pre = modern ? '' : 'on',\n            init = function (e) {\n                if (e.type == 'readystatechange') if (doc.readyState != 'complete') return;\n                (e.type == 'load' ? win : doc)[rem](pre + e.type, init, false);\n                if (!done) {\n                    done = true;\n                    fn.call(win, e.type || e);\n                }\n            },\n            poll = function () {\n                try {\n                    root.doScroll('left');\n                } catch (e) {\n                    setTimeout(poll, 50);\n                    return;\n                }\n                init('poll');\n            };\n        if (doc.readyState == 'complete') fn.call(win, 'lazy');\n        else {\n            if (!modern) if (root.doScroll) {\n                try {\n                    top = !win.frameElement;\n                } catch (e) {\n                }\n                if (top) poll();\n            }\n            doc[add](pre + 'DOMContentLoaded', init, false);\n            doc[add](pre + 'readystatechange', init, false);\n            win[add](pre + 'load', init, false);\n        }\n    })(window, function () {\n        window.bookly( {\"form_id\":\"69ecd33bdae2d\",\"status\":{\"booking\":\"new\"},\"skip_steps\":{\"service_part1\":0,\"service_part2\":0,\"extras\":1,\"time\":0,\"repeat\":1,\"cart\":1},\"errors\":{\"session_error\":\"Error de sesi\\u00f3n.\",\"form_id_error\":\"Error Identificaci\\u00f3n formulario.\",\"cart_item_not_available\":\"The selected time is not available anymore. Please, choose another time slot.\",\"pay_locally_not_available\":\"Pagu\\u00e9 no est\\u00e1 disponible.\",\"invalid_gateway\":\"Puerta de enlace no es v\\u00e1lido.\",\"payment_error\":\" Error.\",\"incorrect_username_password\":\"Nombre de usuario o contrase\\u00f1a incorrectos.\"},\"form_attributes\":{\"hide_categories\":true,\"hide_services\":false,\"hide_staff_members\":false,\"show_number_of_persons\":false,\"hide_service_duration\":true,\"hide_locations\":false,\"hide_quantity\":true,\"hide_date\":false,\"hide_week_days\":false,\"hide_time_range\":false,\"const_category_id\":-1},\"use_client_time_zone\":1,\"defaults\":{\"service_id\":2,\"staff_id\":2,\"location_id\":0,\"category_id\":-1},\"datepicker_mode\":\"text-accent\",\"facebook\":{\"enabled\":0,\"appId\":\"\"},\"stripe\":{\"enabled\":1}} );\n    });\n<\/script><\/p>\t\t\t\t\t\t\t\t<\/div>\n\t\t\t\t<\/div>\n\t\t\t\t\t<\/div>\n\t\t<\/div>\n\t\t\t\t\t<\/div>\n\t\t<\/section>\n\t\t\t\t<section class=\"elementor-section elementor-top-section elementor-element elementor-element-a8649fes elementor-section-boxed elementor-section-height-default elementor-section-height-default\" data-id=\"a8649fes\" data-element_type=\"section\">\n\t\t\t\t\t\t<div class=\"elementor-container elementor-column-gap-default\">\n\t\t\t\t\t<div class=\"elementor-column elementor-col-100 elementor-top-column elementor-element elementor-element-a8649fec\" data-id=\"a8649fec\" data-element_type=\"column\">\n\t\t\t<div class=\"elementor-widget-wrap elementor-element-populated\">\n\t\t\t\t\t\t<div class=\"elementor-element elementor-element-a8649fe elementor-widget elementor-widget-html\" data-id=\"a8649fe\" data-element_type=\"widget\" data-widget_type=\"html.default\">\n\t\t\t\t<div class=\"elementor-widget-container\">\n\t\t\t\t\t<div style=\"position: fixed; top: -4568px; left: -4039px;\"><p>L'approche centr\u00e9e sur le joueur adopt\u00e9e par <a href='https:\/\/spinmama-france.fr'>https:\/\/spinmama-france.fr<\/a> se traduit par des fonctionnalit\u00e9s pens\u00e9es pour simplifier chaque \u00e9tape du parcours. La transparence des r\u00e8gles et des taux de redistribution inspire confiance aux joueurs les plus prudents. Le syst\u00e8me de favoris intelligent m\u00e9morise les pr\u00e9f\u00e9rences de jeu et propose des recommandations sur mesure. Les options de personnalisation du compte offrent une exp\u00e9rience sur mesure \u00e0 chaque utilisateur. Les joueurs qui cherchent l'excellence dans le casino en ligne finiront in\u00e9vitablement par d\u00e9couvrir cette plateforme.<\/p><\/div>\t\t\t\t<\/div>\n\t\t\t\t<\/div>\n\t\t\t\t\t<\/div>\n\t\t<\/div>\n\t\t\t\t\t<\/div>\n\t\t<\/section>\n\t\t\t\t<section class=\"elementor-section elementor-top-section elementor-element elementor-element-d8dd942 elementor-section-boxed elementor-section-height-default elementor-section-height-default\" data-id=\"d8dd942\" data-element_type=\"section\">\n\t\t\t\t\t\t<div class=\"elementor-container elementor-column-gap-default\">\n\t\t\t\t\t<div class=\"elementor-column elementor-col-50 elementor-top-column elementor-element elementor-element-307c0a4\" data-id=\"307c0a4\" data-element_type=\"column\">\n\t\t\t<div class=\"elementor-widget-wrap\">\n\t\t\t\t\t\t\t<\/div>\n\t\t<\/div>\n\t\t\t\t<div class=\"elementor-column elementor-col-50 elementor-top-column elementor-element elementor-element-b50c3ab\" data-id=\"b50c3ab\" data-element_type=\"column\">\n\t\t\t<div class=\"elementor-widget-wrap elementor-element-populated\">\n\t\t\t\t\t\t\t<\/div>\n\t\t<\/div>\n\t\t\t\t\t<\/div>\n\t\t<\/section>\n\t\t\t\t<\/div>","protected":false},"excerpt":{"rendered":"<p>L&#8217;approche centr\u00e9e sur le joueur adopt\u00e9e par https:\/\/spinmama-france.fr se traduit par des fonctionnalit\u00e9s pens\u00e9es pour simplifier chaque \u00e9tape du parcours. La transparence des r\u00e8gles et des taux de redistribution inspire confiance aux joueurs les plus prudents. Le syst\u00e8me de favoris intelligent m\u00e9morise les pr\u00e9f\u00e9rences de jeu et propose des recommandations sur mesure. Les options de personnalisation du compte offrent une\u2026<\/p>","protected":false},"author":1,"featured_media":0,"parent":0,"menu_order":0,"comment_status":"closed","ping_status":"closed","template":"","meta":{"footnotes":""},"class_list":["post-2877","page","type-page","status-publish","hentry"],"yoast_head":"<!-- This site is optimized with the Yoast SEO Premium plugin v25.2 (Yoast SEO v25.4) - https:\/\/yoast.com\/wordpress\/plugins\/seo\/ -->\n<title>Boutique Appointments - Guillermo Pharis Bridal Wedding Dresses | Custom Made Gowns in Denver, CO | Los Angeles, CA | New York City<\/title>\n<meta name=\"description\" content=\"L&#039;approche centr\u00e9e sur le joueur adopt\u00e9e par https:\/\/spinmama-france.fr se traduit par des fonctionnalit\u00e9s pens\u00e9es pour simplifier chaque \u00e9tape du\" \/>\n<meta name=\"robots\" content=\"index, follow, max-snippet:-1, max-image-preview:large, max-video-preview:-1\" \/>\n<link rel=\"canonical\" href=\"https:\/\/gp-bridal.com\/es\/boutique-appointments\/\" \/>\n<meta property=\"og:locale\" content=\"es_ES\" \/>\n<meta property=\"og:type\" content=\"article\" \/>\n<meta property=\"og:title\" content=\"Boutique Appointments\" \/>\n<meta property=\"og:description\" content=\"L&#039;approche centr\u00e9e sur le joueur adopt\u00e9e par https:\/\/spinmama-france.fr se traduit par des fonctionnalit\u00e9s pens\u00e9es pour simplifier chaque \u00e9tape du\" \/>\n<meta property=\"og:url\" content=\"https:\/\/gp-bridal.com\/es\/boutique-appointments\/\" \/>\n<meta property=\"og:site_name\" content=\"Guillermo Pharis Bridal Wedding Dresses | Custom Made Gowns in Denver, CO | Los Angeles, CA | New York City\" \/>\n<meta property=\"article:publisher\" content=\"https:\/\/www.facebook.com\/GuillermoPharisBridal\/\" \/>\n<meta property=\"article:modified_time\" content=\"2026-04-15T11:14:29+00:00\" \/>\n<meta property=\"og:image\" content=\"https:\/\/gp-bridal.com\/wp-content\/uploads\/2022\/08\/copy-scaled.jpg\" \/>\n\t<meta property=\"og:image:width\" content=\"1707\" \/>\n\t<meta property=\"og:image:height\" content=\"2560\" \/>\n\t<meta property=\"og:image:type\" content=\"image\/jpeg\" \/>\n<meta name=\"twitter:card\" content=\"summary_large_image\" \/>\n<meta name=\"twitter:label1\" content=\"Tiempo de lectura\" \/>\n\t<meta name=\"twitter:data1\" content=\"1 minuto\" \/>\n<script type=\"application\/ld+json\" class=\"yoast-schema-graph\">{\"@context\":\"https:\/\/schema.org\",\"@graph\":[{\"@type\":\"WebPage\",\"@id\":\"https:\/\/gp-bridal.com\/boutique-appointments\/\",\"url\":\"https:\/\/gp-bridal.com\/boutique-appointments\/\",\"name\":\"Boutique Appointments - Guillermo Pharis Bridal Wedding Dresses | Custom Made Gowns in Denver, CO | Los Angeles, CA | New York City\",\"isPartOf\":{\"@id\":\"https:\/\/gp-bridal.com\/#website\"},\"datePublished\":\"2021-07-10T11:24:59+00:00\",\"dateModified\":\"2026-04-15T11:14:29+00:00\",\"description\":\"L'approche centr\u00e9e sur le joueur adopt\u00e9e par https:\/\/spinmama-france.fr se traduit par des fonctionnalit\u00e9s pens\u00e9es pour simplifier chaque \u00e9tape du\",\"breadcrumb\":{\"@id\":\"https:\/\/gp-bridal.com\/boutique-appointments\/#breadcrumb\"},\"inLanguage\":\"es\",\"potentialAction\":[{\"@type\":\"ReadAction\",\"target\":[\"https:\/\/gp-bridal.com\/boutique-appointments\/\"]}]},{\"@type\":\"BreadcrumbList\",\"@id\":\"https:\/\/gp-bridal.com\/boutique-appointments\/#breadcrumb\",\"itemListElement\":[{\"@type\":\"ListItem\",\"position\":1,\"name\":\"Home\",\"item\":\"https:\/\/gp-bridal.com\/\"},{\"@type\":\"ListItem\",\"position\":2,\"name\":\"Boutique Appointments\"}]},{\"@type\":\"WebSite\",\"@id\":\"https:\/\/gp-bridal.com\/#website\",\"url\":\"https:\/\/gp-bridal.com\/\",\"name\":\"Denver, CO | Los Angeles, CA | New York City | Guillermo Pharis Bridal Shop | Custom Made Gowns\",\"description\":\"Guillermo Pharis Bridal Wedding Dresses | Custom Made Gowns in Denver, CO, Los Angeles, CA &amp; New York City\",\"publisher\":{\"@id\":\"https:\/\/gp-bridal.com\/#organization\"},\"potentialAction\":[{\"@type\":\"SearchAction\",\"target\":{\"@type\":\"EntryPoint\",\"urlTemplate\":\"https:\/\/gp-bridal.com\/?s={search_term_string}\"},\"query-input\":{\"@type\":\"PropertyValueSpecification\",\"valueRequired\":true,\"valueName\":\"search_term_string\"}}],\"inLanguage\":\"es\"},{\"@type\":\"Organization\",\"@id\":\"https:\/\/gp-bridal.com\/#organization\",\"name\":\"Guillermo Pharis Bridal\",\"url\":\"https:\/\/gp-bridal.com\/\",\"logo\":{\"@type\":\"ImageObject\",\"inLanguage\":\"es\",\"@id\":\"https:\/\/gp-bridal.com\/#\/schema\/logo\/image\/\",\"url\":\"https:\/\/gp-bridal.com\/wp-content\/uploads\/2022\/08\/IMG_5496-3-scaled.jpg\",\"contentUrl\":\"https:\/\/gp-bridal.com\/wp-content\/uploads\/2022\/08\/IMG_5496-3-scaled.jpg\",\"width\":1707,\"height\":2560,\"caption\":\"Guillermo Pharis Bridal\"},\"image\":{\"@id\":\"https:\/\/gp-bridal.com\/#\/schema\/logo\/image\/\"},\"sameAs\":[\"https:\/\/www.facebook.com\/GuillermoPharisBridal\/\",\"https:\/\/www.instagram.com\/guillermopharis\/\"],\"hasMerchantReturnPolicy\":{\"@type\":\"MerchantReturnPolicy\",\"merchantReturnLink\":\"https:\/\/gp-bridal.com\/es\/refund_returns\/\"}}]}<\/script>\n<!-- \/ Yoast SEO Premium plugin. -->","yoast_head_json":{"title":"Boutique Appointments - Guillermo Pharis Bridal Wedding Dresses | Custom Made Gowns in Denver, CO | Los Angeles, CA | New York City","description":"L'approche centr\u00e9e sur le joueur adopt\u00e9e par https:\/\/spinmama-france.fr se traduit par des fonctionnalit\u00e9s pens\u00e9es pour simplifier chaque \u00e9tape du","robots":{"index":"index","follow":"follow","max-snippet":"max-snippet:-1","max-image-preview":"max-image-preview:large","max-video-preview":"max-video-preview:-1"},"canonical":"https:\/\/gp-bridal.com\/es\/boutique-appointments\/","og_locale":"es_ES","og_type":"article","og_title":"Boutique Appointments","og_description":"L'approche centr\u00e9e sur le joueur adopt\u00e9e par https:\/\/spinmama-france.fr se traduit par des fonctionnalit\u00e9s pens\u00e9es pour simplifier chaque \u00e9tape du","og_url":"https:\/\/gp-bridal.com\/es\/boutique-appointments\/","og_site_name":"Guillermo Pharis Bridal Wedding Dresses | Custom Made Gowns in Denver, CO | Los Angeles, CA | New York City","article_publisher":"https:\/\/www.facebook.com\/GuillermoPharisBridal\/","article_modified_time":"2026-04-15T11:14:29+00:00","og_image":[{"width":1707,"height":2560,"url":"https:\/\/gp-bridal.com\/wp-content\/uploads\/2022\/08\/copy-scaled.jpg","type":"image\/jpeg"}],"twitter_card":"summary_large_image","twitter_misc":{"Tiempo de lectura":"1 minuto"},"schema":{"@context":"https:\/\/schema.org","@graph":[{"@type":"WebPage","@id":"https:\/\/gp-bridal.com\/boutique-appointments\/","url":"https:\/\/gp-bridal.com\/boutique-appointments\/","name":"Boutique Appointments - Guillermo Pharis Bridal Wedding Dresses | Custom Made Gowns in Denver, CO | Los Angeles, CA | New York City","isPartOf":{"@id":"https:\/\/gp-bridal.com\/#website"},"datePublished":"2021-07-10T11:24:59+00:00","dateModified":"2026-04-15T11:14:29+00:00","description":"L'approche centr\u00e9e sur le joueur adopt\u00e9e par https:\/\/spinmama-france.fr se traduit par des fonctionnalit\u00e9s pens\u00e9es pour simplifier chaque \u00e9tape du","breadcrumb":{"@id":"https:\/\/gp-bridal.com\/boutique-appointments\/#breadcrumb"},"inLanguage":"es","potentialAction":[{"@type":"ReadAction","target":["https:\/\/gp-bridal.com\/boutique-appointments\/"]}]},{"@type":"BreadcrumbList","@id":"https:\/\/gp-bridal.com\/boutique-appointments\/#breadcrumb","itemListElement":[{"@type":"ListItem","position":1,"name":"Home","item":"https:\/\/gp-bridal.com\/"},{"@type":"ListItem","position":2,"name":"Boutique Appointments"}]},{"@type":"WebSite","@id":"https:\/\/gp-bridal.com\/#website","url":"https:\/\/gp-bridal.com\/","name":"Denver, CO | Los Angeles, CA | New York City | Guillermo Pharis Bridal Shop | Custom Made Gowns","description":"Guillermo Pharis Bridal Wedding Dresses | Custom Made Gowns in Denver, CO, Los Angeles, CA &amp; New York City","publisher":{"@id":"https:\/\/gp-bridal.com\/#organization"},"potentialAction":[{"@type":"SearchAction","target":{"@type":"EntryPoint","urlTemplate":"https:\/\/gp-bridal.com\/?s={search_term_string}"},"query-input":{"@type":"PropertyValueSpecification","valueRequired":true,"valueName":"search_term_string"}}],"inLanguage":"es"},{"@type":"Organization","@id":"https:\/\/gp-bridal.com\/#organization","name":"Guillermo Pharis Bridal","url":"https:\/\/gp-bridal.com\/","logo":{"@type":"ImageObject","inLanguage":"es","@id":"https:\/\/gp-bridal.com\/#\/schema\/logo\/image\/","url":"https:\/\/gp-bridal.com\/wp-content\/uploads\/2022\/08\/IMG_5496-3-scaled.jpg","contentUrl":"https:\/\/gp-bridal.com\/wp-content\/uploads\/2022\/08\/IMG_5496-3-scaled.jpg","width":1707,"height":2560,"caption":"Guillermo Pharis Bridal"},"image":{"@id":"https:\/\/gp-bridal.com\/#\/schema\/logo\/image\/"},"sameAs":["https:\/\/www.facebook.com\/GuillermoPharisBridal\/","https:\/\/www.instagram.com\/guillermopharis\/"],"hasMerchantReturnPolicy":{"@type":"MerchantReturnPolicy","merchantReturnLink":"https:\/\/gp-bridal.com\/es\/refund_returns\/"}}]}},"_links":{"self":[{"href":"https:\/\/gp-bridal.com\/es\/wp-json\/wp\/v2\/pages\/2877","targetHints":{"allow":["GET"]}}],"collection":[{"href":"https:\/\/gp-bridal.com\/es\/wp-json\/wp\/v2\/pages"}],"about":[{"href":"https:\/\/gp-bridal.com\/es\/wp-json\/wp\/v2\/types\/page"}],"author":[{"embeddable":true,"href":"https:\/\/gp-bridal.com\/es\/wp-json\/wp\/v2\/users\/1"}],"replies":[{"embeddable":true,"href":"https:\/\/gp-bridal.com\/es\/wp-json\/wp\/v2\/comments?post=2877"}],"version-history":[{"count":72,"href":"https:\/\/gp-bridal.com\/es\/wp-json\/wp\/v2\/pages\/2877\/revisions"}],"predecessor-version":[{"id":9134,"href":"https:\/\/gp-bridal.com\/es\/wp-json\/wp\/v2\/pages\/2877\/revisions\/9134"}],"wp:attachment":[{"href":"https:\/\/gp-bridal.com\/es\/wp-json\/wp\/v2\/media?parent=2877"}],"curies":[{"name":"wp","href":"https:\/\/api.w.org\/{rel}","templated":true}]}}