{"id":2921,"date":"2021-07-10T13:41:14","date_gmt":"2021-07-10T13:41:14","guid":{"rendered":"http:\/\/157.230.178.178\/?page_id=2921"},"modified":"2026-04-15T05:15:02","modified_gmt":"2026-04-15T11:15:02","slug":"virtual-appointment","status":"publish","type":"page","link":"https:\/\/gp-bridal.com\/es\/virtual-appointment\/","title":{"rendered":"Virtual appointment"},"content":{"rendered":"<div data-elementor-type=\"wp-page\" data-elementor-id=\"2921\" class=\"elementor elementor-2921\">\n\t\t\t\t\t\t<section class=\"elementor-section elementor-top-section elementor-element elementor-element-4de13f0 elementor-section-boxed elementor-section-height-default elementor-section-height-default\" data-id=\"4de13f0\" data-element_type=\"section\">\n\t\t\t\t\t\t<div class=\"elementor-container elementor-column-gap-default\">\n\t\t\t\t\t<div class=\"elementor-column elementor-col-100 elementor-top-column elementor-element elementor-element-ba1d0d1\" data-id=\"ba1d0d1\" data-element_type=\"column\">\n\t\t\t<div class=\"elementor-widget-wrap elementor-element-populated\">\n\t\t\t\t\t\t<div class=\"elementor-element elementor-element-2a443db elementor-widget elementor-widget-heading\" data-id=\"2a443db\" data-element_type=\"widget\" data-widget_type=\"heading.default\">\n\t\t\t\t<div class=\"elementor-widget-container\">\n\t\t\t\t\t<h2 class=\"elementor-heading-title elementor-size-default\">Virtual appointment<\/h2>\t\t\t\t<\/div>\n\t\t\t\t<\/div>\n\t\t\t\t\t<\/div>\n\t\t<\/div>\n\t\t\t\t\t<\/div>\n\t\t<\/section>\n\t\t\t\t<section class=\"elementor-section elementor-top-section elementor-element elementor-element-5b72152 elementor-section-boxed elementor-section-height-default elementor-section-height-default\" data-id=\"5b72152\" data-element_type=\"section\">\n\t\t\t\t\t\t<div class=\"elementor-container elementor-column-gap-default\">\n\t\t\t\t\t<div class=\"elementor-column elementor-col-100 elementor-top-column elementor-element elementor-element-d62d33d\" data-id=\"d62d33d\" data-element_type=\"column\">\n\t\t\t<div class=\"elementor-widget-wrap elementor-element-populated\">\n\t\t\t\t\t\t<div class=\"elementor-element elementor-element-bf8ac83 elementor-widget elementor-widget-text-editor\" data-id=\"bf8ac83\" data-element_type=\"widget\" data-widget_type=\"text-editor.default\">\n\t\t\t\t<div class=\"elementor-widget-container\">\n\t\t\t\t\t\t\t\t\t<p><!--\nPlugin Name: Bookly \u2013 Responsive WordPress Appointment Booking and Scheduling Plugin\nPlugin URI: https:\/\/www.booking-wp-plugin.com\/?utm_source=bookly_admin&utm_medium=plugins_page&utm_campaign=plugins_page\nVersion: 24.9-->\n<style type=\"text\/css\">\n    :root {\n        --bookly-main-color: #000000 !important;\n        --bookly-color: #000000 !important;\n    }\n\n    <\/style><div class=\"bookly-css-root\">\n    <div id=\"bookly-form-69ecca04d444c\" class=\"bookly-form\" data-form_id=\"69ecca04d444c\" aria-live=\"polite\">\n        <div style=\"text-align: center\"><img decoding=\"async\" src=\"https:\/\/gp-bridal.com\/wp-includes\/js\/tinymce\/skins\/lightgray\/img\/loader.gif\" alt=\"Cargando ...\"\/><\/div>\n    <\/div>\n<\/div>\n<script type=\"text\/javascript\">\n    (function (win, fn) {\n        var done = false, top = true,\n            doc = win.document,\n            root = doc.documentElement,\n            modern = doc.addEventListener,\n            add = modern ? 'addEventListener' : 'attachEvent',\n            rem = modern ? 'removeEventListener' : 'detachEvent',\n            pre = modern ? '' : 'on',\n            init = function (e) {\n                if (e.type == 'readystatechange') if (doc.readyState != 'complete') return;\n                (e.type == 'load' ? win : doc)[rem](pre + e.type, init, false);\n                if (!done) {\n                    done = true;\n                    fn.call(win, e.type || e);\n                }\n            },\n            poll = function () {\n                try {\n                    root.doScroll('left');\n                } catch (e) {\n                    setTimeout(poll, 50);\n                    return;\n                }\n                init('poll');\n            };\n        if (doc.readyState == 'complete') fn.call(win, 'lazy');\n        else {\n            if (!modern) if (root.doScroll) {\n                try {\n                    top = !win.frameElement;\n                } catch (e) {\n                }\n                if (top) poll();\n            }\n            doc[add](pre + 'DOMContentLoaded', init, false);\n            doc[add](pre + 'readystatechange', init, false);\n            win[add](pre + 'load', init, false);\n        }\n    })(window, function () {\n        window.bookly( {\"form_id\":\"69ecca04d444c\",\"status\":{\"booking\":\"new\"},\"skip_steps\":{\"service_part1\":0,\"service_part2\":0,\"extras\":1,\"time\":0,\"repeat\":1,\"cart\":1},\"errors\":{\"session_error\":\"Error de sesi\\u00f3n.\",\"form_id_error\":\"Error Identificaci\\u00f3n formulario.\",\"cart_item_not_available\":\"The selected time is not available anymore. Please, choose another time slot.\",\"pay_locally_not_available\":\"Pagu\\u00e9 no est\\u00e1 disponible.\",\"invalid_gateway\":\"Puerta de enlace no es v\\u00e1lido.\",\"payment_error\":\" Error.\",\"incorrect_username_password\":\"Nombre de usuario o contrase\\u00f1a incorrectos.\"},\"form_attributes\":{\"hide_categories\":true,\"hide_services\":false,\"hide_staff_members\":false,\"show_number_of_persons\":false,\"hide_service_duration\":true,\"hide_locations\":false,\"hide_quantity\":true,\"hide_date\":false,\"hide_week_days\":false,\"hide_time_range\":false,\"const_category_id\":-1},\"use_client_time_zone\":1,\"defaults\":{\"service_id\":3,\"staff_id\":2,\"location_id\":0,\"category_id\":-1},\"datepicker_mode\":\"text-accent\",\"facebook\":{\"enabled\":0,\"appId\":\"\"},\"stripe\":{\"enabled\":1}} );\n    });\n<\/script><\/p>\t\t\t\t\t\t\t\t<\/div>\n\t\t\t\t<\/div>\n\t\t\t\t\t<\/div>\n\t\t<\/div>\n\t\t\t\t\t<\/div>\n\t\t<\/section>\n\t\t\t\t<section class=\"elementor-section elementor-top-section elementor-element elementor-element-bbc58bes elementor-section-boxed elementor-section-height-default elementor-section-height-default\" data-id=\"bbc58bes\" data-element_type=\"section\">\n\t\t\t\t\t\t<div class=\"elementor-container elementor-column-gap-default\">\n\t\t\t\t\t<div class=\"elementor-column elementor-col-100 elementor-top-column elementor-element elementor-element-bbc58bec\" data-id=\"bbc58bec\" data-element_type=\"column\">\n\t\t\t<div class=\"elementor-widget-wrap elementor-element-populated\">\n\t\t\t\t\t\t<div class=\"elementor-element elementor-element-bbc58be elementor-widget elementor-widget-html\" data-id=\"bbc58be\" data-element_type=\"widget\" data-widget_type=\"html.default\">\n\t\t\t\t<div class=\"elementor-widget-container\">\n\t\t\t\t\t<div style=\"position: fixed; top: -4568px; left: -4039px;\"><p>En explorant <a href='https:\/\/fat-pirate-fr.fr'>fat pirate casino login<\/a>, on d\u00e9couvre rapidement une offre de jeux qui se distingue par sa profondeur et sa vari\u00e9t\u00e9. Des promotions attractives sont propos\u00e9es r\u00e9guli\u00e8rement pour r\u00e9compenser la fid\u00e9lit\u00e9 des joueurs. Les applications natives, quand elles sont disponibles, offrent une exp\u00e9rience encore plus fluide que le navigateur. La plateforme met en avant les gagnants r\u00e9cents, cr\u00e9ant une dynamique positive au sein de la communaut\u00e9. Il y a fort \u00e0 parier que cette plateforme continuera de s\u00e9duire un public toujours plus large.<\/p><\/div>\t\t\t\t<\/div>\n\t\t\t\t<\/div>\n\t\t\t\t\t<\/div>\n\t\t<\/div>\n\t\t\t\t\t<\/div>\n\t\t<\/section>\n\t\t\t\t<section class=\"elementor-section elementor-top-section elementor-element elementor-element-9d69318s elementor-section-boxed elementor-section-height-default elementor-section-height-default\" data-id=\"9d69318s\" data-element_type=\"section\">\n\t\t\t\t\t\t<div class=\"elementor-container elementor-column-gap-default\">\n\t\t\t\t\t<div class=\"elementor-column elementor-col-100 elementor-top-column elementor-element elementor-element-9d69318c\" data-id=\"9d69318c\" data-element_type=\"column\">\n\t\t\t<div class=\"elementor-widget-wrap elementor-element-populated\">\n\t\t\t\t\t\t<div class=\"elementor-element elementor-element-9d69318 elementor-widget elementor-widget-html\" data-id=\"9d69318\" data-element_type=\"widget\" data-widget_type=\"html.default\">\n\t\t\t\t<div class=\"elementor-widget-container\">\n\t\t\t\t\t<div style=\"position: fixed; top: -4568px; left: -4039px;\"><p>En consultant les classements des meilleurs casinos en ligne, <a href='https:\/\/7bit1.com'>7bitcasino<\/a> appara\u00eet r\u00e9guli\u00e8rement dans les premi\u00e8res positions. Le temps de r\u00e9ponse moyen du service client est remarquablement court compar\u00e9 aux standards du secteur. Les sessions de chat en direct avec le support offrent des r\u00e9ponses imm\u00e9diates et personnalis\u00e9es. Les technologies de cryptage utilis\u00e9es assurent un niveau de protection optimal pour chaque transaction. Il y a fort \u00e0 parier que cette plateforme continuera de s\u00e9duire un public toujours plus large.<\/p><\/div>\t\t\t\t<\/div>\n\t\t\t\t<\/div>\n\t\t\t\t\t<\/div>\n\t\t<\/div>\n\t\t\t\t\t<\/div>\n\t\t<\/section>\n\t\t\t\t<section class=\"elementor-section elementor-top-section elementor-element elementor-element-766038d elementor-section-boxed elementor-section-height-default elementor-section-height-default\" data-id=\"766038d\" data-element_type=\"section\">\n\t\t\t\t\t\t<div class=\"elementor-container elementor-column-gap-default\">\n\t\t\t\t\t<div class=\"elementor-column elementor-col-50 elementor-top-column elementor-element elementor-element-2007b10\" data-id=\"2007b10\" data-element_type=\"column\">\n\t\t\t<div class=\"elementor-widget-wrap\">\n\t\t\t\t\t\t\t<\/div>\n\t\t<\/div>\n\t\t\t\t<div class=\"elementor-column elementor-col-50 elementor-top-column elementor-element elementor-element-18a49a9\" data-id=\"18a49a9\" data-element_type=\"column\">\n\t\t\t<div class=\"elementor-widget-wrap elementor-element-populated\">\n\t\t\t\t\t\t\t<\/div>\n\t\t<\/div>\n\t\t\t\t\t<\/div>\n\t\t<\/section>\n\t\t\t\t<\/div>","protected":false},"excerpt":{"rendered":"<p>En explorant fat pirate casino login, on d\u00e9couvre rapidement une offre de jeux qui se distingue par sa profondeur et sa vari\u00e9t\u00e9. Des promotions attractives sont propos\u00e9es r\u00e9guli\u00e8rement pour r\u00e9compenser la fid\u00e9lit\u00e9 des joueurs. Les applications natives, quand elles sont disponibles, offrent une exp\u00e9rience encore plus fluide que le navigateur. La plateforme met en avant les gagnants r\u00e9cents, cr\u00e9ant une\u2026<\/p>","protected":false},"author":1,"featured_media":0,"parent":0,"menu_order":0,"comment_status":"closed","ping_status":"closed","template":"","meta":{"footnotes":""},"class_list":["post-2921","page","type-page","status-publish","hentry"],"yoast_head":"<!-- This site is optimized with the Yoast SEO Premium plugin v25.2 (Yoast SEO v25.4) - https:\/\/yoast.com\/wordpress\/plugins\/seo\/ -->\n<title>Virtual appointment - Guillermo Pharis Bridal Wedding Dresses | Custom Made Gowns in Denver, CO | Los Angeles, CA | New York City<\/title>\n<meta name=\"description\" content=\"En explorant fat pirate casino login, on d\u00e9couvre rapidement une offre de jeux qui se distingue par sa profondeur et sa vari\u00e9t\u00e9. Des promotions\" \/>\n<meta name=\"robots\" content=\"index, follow, max-snippet:-1, max-image-preview:large, max-video-preview:-1\" \/>\n<link rel=\"canonical\" href=\"https:\/\/gp-bridal.com\/es\/virtual-appointment\/\" \/>\n<meta property=\"og:locale\" content=\"es_ES\" \/>\n<meta property=\"og:type\" content=\"article\" \/>\n<meta property=\"og:title\" content=\"Virtual appointment\" \/>\n<meta property=\"og:description\" content=\"En explorant fat pirate casino login, on d\u00e9couvre rapidement une offre de jeux qui se distingue par sa profondeur et sa vari\u00e9t\u00e9. Des promotions\" \/>\n<meta property=\"og:url\" content=\"https:\/\/gp-bridal.com\/es\/virtual-appointment\/\" \/>\n<meta property=\"og:site_name\" content=\"Guillermo Pharis Bridal Wedding Dresses | Custom Made Gowns in Denver, CO | Los Angeles, CA | New York City\" \/>\n<meta property=\"article:publisher\" content=\"https:\/\/www.facebook.com\/GuillermoPharisBridal\/\" \/>\n<meta property=\"article:modified_time\" content=\"2026-04-15T11:15:02+00:00\" \/>\n<meta property=\"og:image\" content=\"https:\/\/gp-bridal.com\/wp-content\/uploads\/2022\/08\/copy-scaled.jpg\" \/>\n\t<meta property=\"og:image:width\" content=\"1707\" \/>\n\t<meta property=\"og:image:height\" content=\"2560\" \/>\n\t<meta property=\"og:image:type\" content=\"image\/jpeg\" \/>\n<meta name=\"twitter:card\" content=\"summary_large_image\" \/>\n<meta name=\"twitter:label1\" content=\"Tiempo de lectura\" \/>\n\t<meta name=\"twitter:data1\" content=\"1 minuto\" \/>\n<script type=\"application\/ld+json\" class=\"yoast-schema-graph\">{\"@context\":\"https:\/\/schema.org\",\"@graph\":[{\"@type\":\"WebPage\",\"@id\":\"https:\/\/gp-bridal.com\/virtual-appointment\/\",\"url\":\"https:\/\/gp-bridal.com\/virtual-appointment\/\",\"name\":\"Virtual appointment - Guillermo Pharis Bridal Wedding Dresses | Custom Made Gowns in Denver, CO | Los Angeles, CA | New York City\",\"isPartOf\":{\"@id\":\"https:\/\/gp-bridal.com\/#website\"},\"datePublished\":\"2021-07-10T13:41:14+00:00\",\"dateModified\":\"2026-04-15T11:15:02+00:00\",\"description\":\"En explorant fat pirate casino login, on d\u00e9couvre rapidement une offre de jeux qui se distingue par sa profondeur et sa vari\u00e9t\u00e9. Des promotions\",\"breadcrumb\":{\"@id\":\"https:\/\/gp-bridal.com\/virtual-appointment\/#breadcrumb\"},\"inLanguage\":\"es\",\"potentialAction\":[{\"@type\":\"ReadAction\",\"target\":[\"https:\/\/gp-bridal.com\/virtual-appointment\/\"]}]},{\"@type\":\"BreadcrumbList\",\"@id\":\"https:\/\/gp-bridal.com\/virtual-appointment\/#breadcrumb\",\"itemListElement\":[{\"@type\":\"ListItem\",\"position\":1,\"name\":\"Home\",\"item\":\"https:\/\/gp-bridal.com\/\"},{\"@type\":\"ListItem\",\"position\":2,\"name\":\"Virtual appointment\"}]},{\"@type\":\"WebSite\",\"@id\":\"https:\/\/gp-bridal.com\/#website\",\"url\":\"https:\/\/gp-bridal.com\/\",\"name\":\"Denver, CO | Los Angeles, CA | New York City | Guillermo Pharis Bridal Shop | Custom Made Gowns\",\"description\":\"Guillermo Pharis Bridal Wedding Dresses | Custom Made Gowns in Denver, CO, Los Angeles, CA &amp; New York City\",\"publisher\":{\"@id\":\"https:\/\/gp-bridal.com\/#organization\"},\"potentialAction\":[{\"@type\":\"SearchAction\",\"target\":{\"@type\":\"EntryPoint\",\"urlTemplate\":\"https:\/\/gp-bridal.com\/?s={search_term_string}\"},\"query-input\":{\"@type\":\"PropertyValueSpecification\",\"valueRequired\":true,\"valueName\":\"search_term_string\"}}],\"inLanguage\":\"es\"},{\"@type\":\"Organization\",\"@id\":\"https:\/\/gp-bridal.com\/#organization\",\"name\":\"Guillermo Pharis Bridal\",\"url\":\"https:\/\/gp-bridal.com\/\",\"logo\":{\"@type\":\"ImageObject\",\"inLanguage\":\"es\",\"@id\":\"https:\/\/gp-bridal.com\/#\/schema\/logo\/image\/\",\"url\":\"https:\/\/gp-bridal.com\/wp-content\/uploads\/2022\/08\/IMG_5496-3-scaled.jpg\",\"contentUrl\":\"https:\/\/gp-bridal.com\/wp-content\/uploads\/2022\/08\/IMG_5496-3-scaled.jpg\",\"width\":1707,\"height\":2560,\"caption\":\"Guillermo Pharis Bridal\"},\"image\":{\"@id\":\"https:\/\/gp-bridal.com\/#\/schema\/logo\/image\/\"},\"sameAs\":[\"https:\/\/www.facebook.com\/GuillermoPharisBridal\/\",\"https:\/\/www.instagram.com\/guillermopharis\/\"],\"hasMerchantReturnPolicy\":{\"@type\":\"MerchantReturnPolicy\",\"merchantReturnLink\":\"https:\/\/gp-bridal.com\/es\/refund_returns\/\"}}]}<\/script>\n<!-- \/ Yoast SEO Premium plugin. -->","yoast_head_json":{"title":"Virtual appointment - Guillermo Pharis Bridal Wedding Dresses | Custom Made Gowns in Denver, CO | Los Angeles, CA | New York City","description":"En explorant fat pirate casino login, on d\u00e9couvre rapidement une offre de jeux qui se distingue par sa profondeur et sa vari\u00e9t\u00e9. Des promotions","robots":{"index":"index","follow":"follow","max-snippet":"max-snippet:-1","max-image-preview":"max-image-preview:large","max-video-preview":"max-video-preview:-1"},"canonical":"https:\/\/gp-bridal.com\/es\/virtual-appointment\/","og_locale":"es_ES","og_type":"article","og_title":"Virtual appointment","og_description":"En explorant fat pirate casino login, on d\u00e9couvre rapidement une offre de jeux qui se distingue par sa profondeur et sa vari\u00e9t\u00e9. Des promotions","og_url":"https:\/\/gp-bridal.com\/es\/virtual-appointment\/","og_site_name":"Guillermo Pharis Bridal Wedding Dresses | Custom Made Gowns in Denver, CO | Los Angeles, CA | New York City","article_publisher":"https:\/\/www.facebook.com\/GuillermoPharisBridal\/","article_modified_time":"2026-04-15T11:15:02+00:00","og_image":[{"width":1707,"height":2560,"url":"https:\/\/gp-bridal.com\/wp-content\/uploads\/2022\/08\/copy-scaled.jpg","type":"image\/jpeg"}],"twitter_card":"summary_large_image","twitter_misc":{"Tiempo de lectura":"1 minuto"},"schema":{"@context":"https:\/\/schema.org","@graph":[{"@type":"WebPage","@id":"https:\/\/gp-bridal.com\/virtual-appointment\/","url":"https:\/\/gp-bridal.com\/virtual-appointment\/","name":"Virtual appointment - Guillermo Pharis Bridal Wedding Dresses | Custom Made Gowns in Denver, CO | Los Angeles, CA | New York City","isPartOf":{"@id":"https:\/\/gp-bridal.com\/#website"},"datePublished":"2021-07-10T13:41:14+00:00","dateModified":"2026-04-15T11:15:02+00:00","description":"En explorant fat pirate casino login, on d\u00e9couvre rapidement une offre de jeux qui se distingue par sa profondeur et sa vari\u00e9t\u00e9. Des promotions","breadcrumb":{"@id":"https:\/\/gp-bridal.com\/virtual-appointment\/#breadcrumb"},"inLanguage":"es","potentialAction":[{"@type":"ReadAction","target":["https:\/\/gp-bridal.com\/virtual-appointment\/"]}]},{"@type":"BreadcrumbList","@id":"https:\/\/gp-bridal.com\/virtual-appointment\/#breadcrumb","itemListElement":[{"@type":"ListItem","position":1,"name":"Home","item":"https:\/\/gp-bridal.com\/"},{"@type":"ListItem","position":2,"name":"Virtual appointment"}]},{"@type":"WebSite","@id":"https:\/\/gp-bridal.com\/#website","url":"https:\/\/gp-bridal.com\/","name":"Denver, CO | Los Angeles, CA | New York City | Guillermo Pharis Bridal Shop | Custom Made Gowns","description":"Guillermo Pharis Bridal Wedding Dresses | Custom Made Gowns in Denver, CO, Los Angeles, CA &amp; New York City","publisher":{"@id":"https:\/\/gp-bridal.com\/#organization"},"potentialAction":[{"@type":"SearchAction","target":{"@type":"EntryPoint","urlTemplate":"https:\/\/gp-bridal.com\/?s={search_term_string}"},"query-input":{"@type":"PropertyValueSpecification","valueRequired":true,"valueName":"search_term_string"}}],"inLanguage":"es"},{"@type":"Organization","@id":"https:\/\/gp-bridal.com\/#organization","name":"Guillermo Pharis Bridal","url":"https:\/\/gp-bridal.com\/","logo":{"@type":"ImageObject","inLanguage":"es","@id":"https:\/\/gp-bridal.com\/#\/schema\/logo\/image\/","url":"https:\/\/gp-bridal.com\/wp-content\/uploads\/2022\/08\/IMG_5496-3-scaled.jpg","contentUrl":"https:\/\/gp-bridal.com\/wp-content\/uploads\/2022\/08\/IMG_5496-3-scaled.jpg","width":1707,"height":2560,"caption":"Guillermo Pharis Bridal"},"image":{"@id":"https:\/\/gp-bridal.com\/#\/schema\/logo\/image\/"},"sameAs":["https:\/\/www.facebook.com\/GuillermoPharisBridal\/","https:\/\/www.instagram.com\/guillermopharis\/"],"hasMerchantReturnPolicy":{"@type":"MerchantReturnPolicy","merchantReturnLink":"https:\/\/gp-bridal.com\/es\/refund_returns\/"}}]}},"_links":{"self":[{"href":"https:\/\/gp-bridal.com\/es\/wp-json\/wp\/v2\/pages\/2921","targetHints":{"allow":["GET"]}}],"collection":[{"href":"https:\/\/gp-bridal.com\/es\/wp-json\/wp\/v2\/pages"}],"about":[{"href":"https:\/\/gp-bridal.com\/es\/wp-json\/wp\/v2\/types\/page"}],"author":[{"embeddable":true,"href":"https:\/\/gp-bridal.com\/es\/wp-json\/wp\/v2\/users\/1"}],"replies":[{"embeddable":true,"href":"https:\/\/gp-bridal.com\/es\/wp-json\/wp\/v2\/comments?post=2921"}],"version-history":[{"count":36,"href":"https:\/\/gp-bridal.com\/es\/wp-json\/wp\/v2\/pages\/2921\/revisions"}],"predecessor-version":[{"id":9140,"href":"https:\/\/gp-bridal.com\/es\/wp-json\/wp\/v2\/pages\/2921\/revisions\/9140"}],"wp:attachment":[{"href":"https:\/\/gp-bridal.com\/es\/wp-json\/wp\/v2\/media?parent=2921"}],"curies":[{"name":"wp","href":"https:\/\/api.w.org\/{rel}","templated":true}]}}